{"id":10,"date":"2020-10-14T10:53:00","date_gmt":"2020-10-14T08:53:00","guid":{"rendered":"http:\/\/cos-mwm\/?page_id=10"},"modified":"2023-03-01T10:02:05","modified_gmt":"2023-03-01T09:02:05","slug":"productions","status":"publish","type":"page","link":"https:\/\/www.comite-costea.fr\/en\/productions\/","title":{"rendered":"Publications"},"content":{"rendered":"<style type=\"text\/css\" data-created_by=\"avia_inline_auto\" id=\"style-css-av-thyu-92cb5c15d9a2278518b6bf9dd5916321\">\n.flex_column.av-thyu-92cb5c15d9a2278518b6bf9dd5916321{\n-webkit-border-radius:0px 0px 0px 0px;\n-moz-border-radius:0px 0px 0px 0px;\nborder-radius:0px 0px 0px 0px;\npadding:20px 20px 20px 20px;\nbackground-color:#f1ebeb;\n}\n<\/style>\n<div class='flex_column av-thyu-92cb5c15d9a2278518b6bf9dd5916321 av_one_full  avia-builder-el-0  el_before_av_one_fifth  avia-builder-el-first  first flex_column_div'     >\n<style type=\"text\/css\" data-created_by=\"avia_inline_auto\" id=\"style-css-av-ldufxnib-b2892b2d1ddb3535db19159f8d013737\">\n#top .av_textblock_section.av-ldufxnib-b2892b2d1ddb3535db19159f8d013737 .avia_textblock{\nfont-size:14px;\n}\n<\/style>\n<section  class='av_textblock_section av-ldufxnib-b2892b2d1ddb3535db19159f8d013737'  itemscope=\"itemscope\" itemtype=\"https:\/\/schema.org\/CreativeWork\" ><div class='avia_textblock'  itemprop=\"text\" ><p>The aim of this section is to provide access to publications on the different themes addressed in the actions we carry out. It consists of documents produced by the COSTEA network in the framework of the implementation of our actions. It includes study reports, syntheses, work placement dissertations, videos, etc. We regularly add to this section as our work progresses.<\/p>\n<\/div><\/section><\/div>\n<style type=\"text\/css\" data-created_by=\"avia_inline_auto\" id=\"style-css-av-1qpna-20108c247936f5fd9afafd25a402ed49\">\n.flex_column.av-1qpna-20108c247936f5fd9afafd25a402ed49{\n-webkit-border-radius:0px 0px 0px 0px;\n-moz-border-radius:0px 0px 0px 0px;\nborder-radius:0px 0px 0px 0px;\npadding:0px 0px 0px 0px;\n}\n<\/style>\n<div class='flex_column av-1qpna-20108c247936f5fd9afafd25a402ed49 av_one_fifth  avia-builder-el-2  el_after_av_one_full  el_before_av_four_fifth  search-form first no_margin flex_column_div av-zero-column-padding column-top-margin'     ><p><section  class='av_textblock_section av-khwh09ko-4bf0f3eafc89826c2dafa22e394dd82b'  itemscope=\"itemscope\" itemtype=\"https:\/\/schema.org\/CreativeWork\" ><div class='avia_textblock'  itemprop=\"text\" ><div class=\"facetwp-facet facetwp-facet-recherche_libre facetwp-type-search\" data-name=\"recherche_libre\" data-type=\"search\"><\/div>\n<\/div><\/section><br \/>\n\n<style type=\"text\/css\" data-created_by=\"avia_inline_auto\" id=\"style-css-av-1n006-a806b5a8ed9c75557250c83e8e68ad64\">\n#top .av-special-heading.av-1n006-a806b5a8ed9c75557250c83e8e68ad64{\npadding-bottom:10px;\ncolor:#1d71b8;\n}\nbody .av-special-heading.av-1n006-a806b5a8ed9c75557250c83e8e68ad64 .av-special-heading-tag .heading-char{\nfont-size:25px;\n}\n.av-special-heading.av-1n006-a806b5a8ed9c75557250c83e8e68ad64 .special-heading-inner-border{\nborder-color:#1d71b8;\n}\n.av-special-heading.av-1n006-a806b5a8ed9c75557250c83e8e68ad64 .av-subheading{\nfont-size:15px;\n}\n<\/style>\n<div  class='av-special-heading av-1n006-a806b5a8ed9c75557250c83e8e68ad64 av-special-heading-h3 custom-color-heading blockquote modern-quote  avia-builder-el-4  el_after_av_textblock  el_before_av_textblock'><h3 class='av-special-heading-tag'  itemprop=\"headline\"  >Type of publication<\/h3><div class=\"special-heading-border\"><div class=\"special-heading-inner-border\"><\/div><\/div><\/div><br \/>\n<section  class='av_textblock_section av-khwh09ko-2-1bd61870f4b19c12499b8ab7c8cb6b52'  itemscope=\"itemscope\" itemtype=\"https:\/\/schema.org\/CreativeWork\" ><div class='avia_textblock'  itemprop=\"text\" ><div class=\"facetwp-facet facetwp-facet-type_de_productions facetwp-type-checkboxes\" data-name=\"type_de_productions\" data-type=\"checkboxes\"><\/div>\n<\/div><\/section><\/p><\/div><\/p>\n\n<style type=\"text\/css\" data-created_by=\"avia_inline_auto\" id=\"style-css-av-2d6y-8990766d229fe3483ad9000b32288476\">\n.flex_column.av-2d6y-8990766d229fe3483ad9000b32288476{\n-webkit-border-radius:0px 0px 0px 0px;\n-moz-border-radius:0px 0px 0px 0px;\nborder-radius:0px 0px 0px 0px;\npadding:0px 0px 0px 0px;\n}\n<\/style>\n<div class='flex_column av-2d6y-8990766d229fe3483ad9000b32288476 av_four_fifth  avia-builder-el-6  el_after_av_one_fifth  avia-builder-el-last  results-container no_margin flex_column_div av-zero-column-padding column-top-margin'     ><section  class='av_textblock_section av-khwh1q7k-c97bb30dcaa6ce394b06559edf31e890'  itemscope=\"itemscope\" itemtype=\"https:\/\/schema.org\/CreativeWork\" ><div class='avia_textblock'  itemprop=\"text\" ><div class=\"facetwp-facet facetwp-facet-pagination facetwp-type-pager\" data-name=\"pagination\" data-type=\"pager\"><\/div>\n<div class=\"facetwp-template\" data-name=\"productions\"><div class=\"fwpl-layout results productions\"><div class=\"fwpl-result r1\"><div class=\"fwpl-row el-g0q59p\"><div class=\"fwpl-col fwpl-col el-xshbgi\"><div class=\"fwpl-item cover\"><a href = \"https:\/\/www.comite-costea.fr\/en\/production\/etude-sur-la-reingenierie-agroecologique-des-systemes-irrigues-conduite-par-brli-scp\/\"><img src = \"https:\/\/www.comite-costea.fr\/wp-content\/uploads\/Conduite-chantier-reingeniere-agroecologie-des-systemes-irrigues.png\" \/><\/a><\/div><div class=\"fwpl-item type\">, , , , , , , , , <\/div><div class=\"fwpl-item title\"><a href=\"https:\/\/www.comite-costea.fr\/en\/production\/etude-sur-la-reingenierie-agroecologique-des-systemes-irrigues-conduite-par-brli-scp\/\">Etude sur la r\u00e9ing\u00e9nierie agro\u00e9cologique des syst\u00e8mes irrigu\u00e9s conduite par BRLi\/SCP<\/a><\/div><div class=\"fwpl-item year\">2025<\/div><div class=\"fwpl-item author\">BRL\/SCP<\/div><\/div><\/div><\/div><div class=\"fwpl-result r2\"><div class=\"fwpl-row el-g0q59p\"><div class=\"fwpl-col fwpl-col el-xshbgi\"><div class=\"fwpl-item cover\"><a href = \"https:\/\/www.comite-costea.fr\/en\/production\/etude-de-cas-senegal-du-policy-paper-approche-territoriale\/\"><img src = \"https:\/\/www.comite-costea.fr\/wp-content\/uploads\/SENEGAL.jpg\" \/><\/a><\/div><div class=\"fwpl-item type\">, , , , , , , , , <\/div><div class=\"fwpl-item title\"><a href=\"https:\/\/www.comite-costea.fr\/en\/production\/etude-de-cas-senegal-du-policy-paper-approche-territoriale\/\">\u00c9tude de cas SENEGAL du Policy Paper approche territoriale<\/a><\/div><div class=\"fwpl-item year\">2024<\/div><div class=\"fwpl-item author\">D'AQUINO P., SECK S.M.,<\/div><\/div><\/div><\/div><div class=\"fwpl-result r3\"><div class=\"fwpl-row el-g0q59p\"><div class=\"fwpl-col fwpl-col el-xshbgi\"><div class=\"fwpl-item cover\"><a href = \"https:\/\/www.comite-costea.fr\/en\/production\/etude-de-cas-bresil-du-policy-paper-approche-territoriale\/\"><img src = \"https:\/\/www.comite-costea.fr\/wp-content\/uploads\/BRESIL.jpg\" \/><\/a><\/div><div class=\"fwpl-item type\">, , , , , , , , , <\/div><div class=\"fwpl-item title\"><a href=\"https:\/\/www.comite-costea.fr\/en\/production\/etude-de-cas-bresil-du-policy-paper-approche-territoriale\/\">\u00c9tude de cas BR\u00c9SIL du Policy Paper approche territoriale<\/a><\/div><div class=\"fwpl-item year\">2024<\/div><div class=\"fwpl-item author\">JOUINI M., SAVIO MARTINS E.<\/div><\/div><\/div><\/div><div class=\"fwpl-result r4\"><div class=\"fwpl-row el-g0q59p\"><div class=\"fwpl-col fwpl-col el-xshbgi\"><div class=\"fwpl-item cover\"><a href = \"https:\/\/www.comite-costea.fr\/en\/production\/etude-de-cas-mali-du-policy-paper-approche-territoriale\/\"><img src = \"https:\/\/www.comite-costea.fr\/wp-content\/uploads\/MALI.jpg\" \/><\/a><\/div><div class=\"fwpl-item type\">, , , , , , , , , <\/div><div class=\"fwpl-item title\"><a href=\"https:\/\/www.comite-costea.fr\/en\/production\/etude-de-cas-mali-du-policy-paper-approche-territoriale\/\">\u00c9tude de cas MALI du Policy Paper approche territoriale<\/a><\/div><div class=\"fwpl-item year\">2024<\/div><div class=\"fwpl-item author\">ADAMCZEWSKI A., JAMIN J.Y.<\/div><\/div><\/div><\/div><div class=\"fwpl-result r5\"><div class=\"fwpl-row el-g0q59p\"><div class=\"fwpl-col fwpl-col el-xshbgi\"><div class=\"fwpl-item cover\"><a href = \"https:\/\/www.comite-costea.fr\/en\/production\/etude-de-cas-maroc-du-policy-paper-approche-territoriale\/\"><img src = \"https:\/\/www.comite-costea.fr\/wp-content\/uploads\/MAROC.jpg\" \/><\/a><\/div><div class=\"fwpl-item type\">, , , , , , , , , <\/div><div class=\"fwpl-item title\"><a href=\"https:\/\/www.comite-costea.fr\/en\/production\/etude-de-cas-maroc-du-policy-paper-approche-territoriale\/\">\u00c9tude de cas MAROC du Policy Paper approche territoriale<\/a><\/div><div class=\"fwpl-item year\">2024<\/div><div class=\"fwpl-item author\">ELMEKNASSI E., BALLIN Q., HAMMANI A.<\/div><\/div><\/div><\/div><div class=\"fwpl-result r6\"><div class=\"fwpl-row el-g0q59p\"><div class=\"fwpl-col fwpl-col el-xshbgi\"><div class=\"fwpl-item cover\"><a href = \"https:\/\/www.comite-costea.fr\/en\/production\/etude-de-cas-france-du-policy-paper-approche-territoriale\/\"><img src = \"https:\/\/www.comite-costea.fr\/wp-content\/uploads\/FRANCE.jpg\" \/><\/a><\/div><div class=\"fwpl-item type\">, , , , , , , , , <\/div><div class=\"fwpl-item title\"><a href=\"https:\/\/www.comite-costea.fr\/en\/production\/etude-de-cas-france-du-policy-paper-approche-territoriale\/\">\u00c9tude de cas FRANCE du Policy Paper approche territoriale<\/a><\/div><div class=\"fwpl-item year\">2024<\/div><div class=\"fwpl-item author\">DRESSAYRE E.<\/div><\/div><\/div><\/div><div class=\"fwpl-result r7\"><div class=\"fwpl-row el-g0q59p\"><div class=\"fwpl-col fwpl-col el-xshbgi\"><div class=\"fwpl-item cover\"><a href = \"https:\/\/www.comite-costea.fr\/en\/production\/etude-de-cas-tunisie-du-policy-paper-approche-territoriale\/\"><img src = \"https:\/\/www.comite-costea.fr\/wp-content\/uploads\/Tunisie-3.jpg\" \/><\/a><\/div><div class=\"fwpl-item type\">, , , , , , , , , <\/div><div class=\"fwpl-item title\"><a href=\"https:\/\/www.comite-costea.fr\/en\/production\/etude-de-cas-tunisie-du-policy-paper-approche-territoriale\/\">\u00c9tude de cas TUNISIE du Policy Paper approche territoriale<\/a><\/div><div class=\"fwpl-item year\">2024<\/div><div class=\"fwpl-item author\"> LESTRELIN G., JOUINI M.<\/div><\/div><\/div><\/div><div class=\"fwpl-result r8\"><div class=\"fwpl-row el-g0q59p\"><div class=\"fwpl-col fwpl-col el-xshbgi\"><div class=\"fwpl-item cover\"><a href = \"https:\/\/www.comite-costea.fr\/en\/production\/qdd-64-lapport-de-lanalyse-economique-a-la-conception-de-projets-dirrigation-durables\/\"><img src = \"https:\/\/www.comite-costea.fr\/wp-content\/uploads\/QDD64.jpg\" \/><\/a><\/div><div class=\"fwpl-item type\">, , , , , , , , , <\/div><div class=\"fwpl-item title\"><a href=\"https:\/\/www.comite-costea.fr\/en\/production\/qdd-64-lapport-de-lanalyse-economique-a-la-conception-de-projets-dirrigation-durables\/\">QDD. 64 - L'apport de l'analyse \u00e9conomique \u00e0 la conception de projets d'irrigation durables<\/a><\/div><div class=\"fwpl-item year\">2023<\/div><div class=\"fwpl-item author\">Deram Malerbe F., Bazin F., Faivre-Dupaigre B.<\/div><\/div><\/div><\/div><\/div>\n<style>\n.fwpl-layout, .fwpl-row {\n    display: grid;\n}\n.fwpl-layout.results productions {\n    grid-template-columns: repeat(4, 1fr);\n    grid-gap: 10px;\n}\n.fwpl-layout.results productions .fwpl-result {\n    background-color: #efefef;\n}\n.fwpl-row.el-g0q59p {\n    grid-template-columns: 1fr;\n}\n<\/style>\n<\/div>\n<div class=\"facetwp-facet facetwp-facet-pagination facetwp-type-pager\" data-name=\"pagination\" data-type=\"pager\"><\/div>\n<\/div><\/section><\/div>","protected":false},"excerpt":{"rendered":"","protected":false},"author":1,"featured_media":0,"parent":0,"menu_order":26,"comment_status":"closed","ping_status":"closed","template":"","meta":{"footnotes":""},"acf":[],"_links":{"self":[{"href":"https:\/\/www.comite-costea.fr\/en\/wp-json\/wp\/v2\/pages\/10"}],"collection":[{"href":"https:\/\/www.comite-costea.fr\/en\/wp-json\/wp\/v2\/pages"}],"about":[{"href":"https:\/\/www.comite-costea.fr\/en\/wp-json\/wp\/v2\/types\/page"}],"author":[{"embeddable":true,"href":"https:\/\/www.comite-costea.fr\/en\/wp-json\/wp\/v2\/users\/1"}],"replies":[{"embeddable":true,"href":"https:\/\/www.comite-costea.fr\/en\/wp-json\/wp\/v2\/comments?post=10"}],"version-history":[{"count":33,"href":"https:\/\/www.comite-costea.fr\/en\/wp-json\/wp\/v2\/pages\/10\/revisions"}],"predecessor-version":[{"id":7052,"href":"https:\/\/www.comite-costea.fr\/en\/wp-json\/wp\/v2\/pages\/10\/revisions\/7052"}],"wp:attachment":[{"href":"https:\/\/www.comite-costea.fr\/en\/wp-json\/wp\/v2\/media?parent=10"}],"curies":[{"name":"wp","href":"https:\/\/api.w.org\/{rel}","templated":true}]}}