{"id":102,"date":"2020-11-24T17:51:46","date_gmt":"2020-11-24T16:51:46","guid":{"rendered":"http:\/\/www.comite-costea.fr\/?page_id=102"},"modified":"2023-06-02T10:52:24","modified_gmt":"2023-06-02T08:52:24","slug":"amenagement-des-bas-fonds","status":"publish","type":"page","link":"https:\/\/www.comite-costea.fr\/en\/actions\/amenagement-des-bas-fonds\/","title":{"rendered":"Am\u00e9nagement des Bas-Fonds"},"content":{"rendered":"<style type=\"text\/css\" data-created_by=\"avia_inline_auto\" id=\"style-css-av-ej1jy-459455679fa2bd16a49e37642111a36e\">\n#top .av-special-heading.av-ej1jy-459455679fa2bd16a49e37642111a36e{\npadding-bottom:10px;\ncolor:#1d71b8;\n}\nbody .av-special-heading.av-ej1jy-459455679fa2bd16a49e37642111a36e .av-special-heading-tag .heading-char{\nfont-size:25px;\n}\n.av-special-heading.av-ej1jy-459455679fa2bd16a49e37642111a36e .special-heading-inner-border{\nborder-color:#1d71b8;\n}\n.av-special-heading.av-ej1jy-459455679fa2bd16a49e37642111a36e .av-subheading{\nfont-size:15px;\n}\n<\/style>\n<div  class='av-special-heading av-ej1jy-459455679fa2bd16a49e37642111a36e av-special-heading-h1 custom-color-heading  avia-builder-el-0  el_before_av_one_full  avia-builder-el-first'><h1 class='av-special-heading-tag'  itemprop=\"headline\"  >Agricultural development and management of valley bottoms and small flood plains in West Africa <\/h1><div class=\"special-heading-border\"><div class=\"special-heading-inner-border\"><\/div><\/div><\/div>\n<div class='flex_column av-70t5q-68c3d21c9fe3ffb9bbbc4c90ab3b1977 av_one_full  avia-builder-el-1  el_after_av_heading  el_before_av_one_full  first flex_column_div'     ><p><br \/>\n\n<style type=\"text\/css\" data-created_by=\"avia_inline_auto\" id=\"style-css-av-dr3dq-562a1df969d44810fb26462f38d40f38\">\n#top .av-special-heading.av-dr3dq-562a1df969d44810fb26462f38d40f38{\npadding-bottom:10px;\n}\nbody .av-special-heading.av-dr3dq-562a1df969d44810fb26462f38d40f38 .av-special-heading-tag .heading-char{\nfont-size:25px;\n}\n.av-special-heading.av-dr3dq-562a1df969d44810fb26462f38d40f38 .av-subheading{\nfont-size:15px;\n}\n<\/style>\n<div  class='av-special-heading av-dr3dq-562a1df969d44810fb26462f38d40f38 av-special-heading-h2  avia-builder-el-3  el_after_av_heading  el_before_av_textblock'><h2 class='av-special-heading-tag'  itemprop=\"headline\"  >Our main publications <\/h2><div class=\"special-heading-border\"><div class=\"special-heading-inner-border\"><\/div><\/div><\/div><br \/>\n<section  class='av_textblock_section av-lcu9hoq6-9ebc7cce9f9c36e3458e21fd943b70c7'  itemscope=\"itemscope\" itemtype=\"https:\/\/schema.org\/CreativeWork\" ><div class='avia_textblock'  itemprop=\"text\" ><\/div><\/section><br \/>\n<section  class='av_textblock_section av-86mk6-6a22de9de62cdb2e4a29e07d52e55cec'  itemscope=\"itemscope\" itemtype=\"https:\/\/schema.org\/CreativeWork\" ><div class='avia_textblock'  itemprop=\"text\" ><p>Click on the image to download the action poster.<\/p>\n<\/div><\/section><\/p><\/div>\n<div class='flex_column av-1eyye-6b335f73b8f3281d776017502eaafc4a av_one_full  avia-builder-el-6  el_after_av_one_full  el_before_av_three_fifth  results-container first flex_column_div column-top-margin'     ><section  class='av_textblock_section av-78zwu-9d36845724e0d0b8efd61b5964462140'  itemscope=\"itemscope\" itemtype=\"https:\/\/schema.org\/CreativeWork\" ><div class='avia_textblock'  itemprop=\"text\" ><div class=\"facetwp-facet facetwp-facet-pagination facetwp-type-pager\" data-name=\"pagination\" data-type=\"pager\"><\/div>\n<div class=\"facetwp-template\" data-name=\"prods_action\"><div class=\"fwpl-layout results productions\"><div class=\"fwpl-result r1\"><div class=\"fwpl-row el-g0q59p\"><div class=\"fwpl-col fwpl-col el-xshbgi\"><div class=\"fwpl-item cover\"><a href = \"https:\/\/www.comite-costea.fr\/en\/production\/poster-de-laction-structurante-valorisation-agricole-et-amenagement-des-bas-fonds-en-afrique-de-louest\/\"><img src = \"https:\/\/www.comite-costea.fr\/wp-content\/uploads\/PosterBASFONDS.png\" \/><\/a><\/div><div class=\"fwpl-item title\"><a href=\"https:\/\/www.comite-costea.fr\/en\/production\/poster-de-laction-structurante-valorisation-agricole-et-amenagement-des-bas-fonds-en-afrique-de-louest\/\">Poster de l'action structurante valorisation agricole et am\u00e9nagement des bas-fonds en Afrique de l'ouest<\/a><\/div><\/div><\/div><\/div><div class=\"fwpl-result r2\"><div class=\"fwpl-row el-g0q59p\"><div class=\"fwpl-col fwpl-col el-xshbgi\"><div class=\"fwpl-item cover\"><a href = \"https:\/\/www.comite-costea.fr\/en\/production\/rapport-final-bas-fonds-en-afrique-de-louest\/\"><img src = \"https:\/\/www.comite-costea.fr\/wp-content\/uploads\/11_photo-FR.jpg\" \/><\/a><\/div><div class=\"fwpl-item title\"><a href=\"https:\/\/www.comite-costea.fr\/en\/production\/rapport-final-bas-fonds-en-afrique-de-louest\/\">Rapport Final - Bas-fonds en Afrique de l'Ouest<\/a><\/div><\/div><\/div><\/div><div class=\"fwpl-result r3\"><div class=\"fwpl-row el-g0q59p\"><div class=\"fwpl-col fwpl-col el-xshbgi\"><div class=\"fwpl-item cover\"><a href = \"https:\/\/www.comite-costea.fr\/en\/production\/final-report-bas-fonds-en-afrique-de-louest\/\"><img src = \"https:\/\/www.comite-costea.fr\/wp-content\/uploads\/11_photo-EN-1.jpg\" \/><\/a><\/div><div class=\"fwpl-item title\"><a href=\"https:\/\/www.comite-costea.fr\/en\/production\/final-report-bas-fonds-en-afrique-de-louest\/\">Final Report - Bas-Fonds en Afrique de l'Ouest<\/a><\/div><\/div><\/div><\/div><div class=\"fwpl-result r4\"><div class=\"fwpl-row el-g0q59p\"><div class=\"fwpl-col fwpl-col el-xshbgi\"><div class=\"fwpl-item cover\"><a href = \"https:\/\/www.comite-costea.fr\/en\/production\/policy-briefs-amenagement-bas-fonds-en-afrique-de-louest\/\"><img src = \"https:\/\/www.comite-costea.fr\/wp-content\/uploads\/8-image-EN.jpg\" \/><\/a><\/div><div class=\"fwpl-item title\"><a href=\"https:\/\/www.comite-costea.fr\/en\/production\/policy-briefs-amenagement-bas-fonds-en-afrique-de-louest\/\">Policy Briefs - Am\u00e9nagement bas-fonds en Afrique de l'Ouest<\/a><\/div><\/div><\/div><\/div><div class=\"fwpl-result r5\"><div class=\"fwpl-row el-g0q59p\"><div class=\"fwpl-col fwpl-col el-xshbgi\"><div class=\"fwpl-item cover\"><a href = \"https:\/\/www.comite-costea.fr\/en\/production\/nota-de-orientacion-amenagement-bas-fonds-en-afrique-de-louest\/\"><img src = \"https:\/\/www.comite-costea.fr\/wp-content\/uploads\/8-image-ES.jpg\" \/><\/a><\/div><div class=\"fwpl-item title\"><a href=\"https:\/\/www.comite-costea.fr\/en\/production\/nota-de-orientacion-amenagement-bas-fonds-en-afrique-de-louest\/\">Nota de Orientacion - Am\u00e9nagement bas-fonds en Afrique de l'Ouest<\/a><\/div><\/div><\/div><\/div><div class=\"fwpl-result r6\"><div class=\"fwpl-row el-g0q59p\"><div class=\"fwpl-col fwpl-col el-xshbgi\"><div class=\"fwpl-item cover\"><a href = \"https:\/\/www.comite-costea.fr\/en\/production\/note-de-positionnement-amenagement-bas-fonds-en-afrique-de-louest\/\"><img src = \"https:\/\/www.comite-costea.fr\/wp-content\/uploads\/8-image-FR.jpg\" \/><\/a><\/div><div class=\"fwpl-item title\"><a href=\"https:\/\/www.comite-costea.fr\/en\/production\/note-de-positionnement-amenagement-bas-fonds-en-afrique-de-louest\/\">Note de positionnement - Am\u00e9nagement bas-fonds en Afrique de l'Ouest<\/a><\/div><\/div><\/div><\/div><div class=\"fwpl-result r7\"><div class=\"fwpl-row el-g0q59p\"><div class=\"fwpl-col fwpl-col el-xshbgi\"><div class=\"fwpl-item cover\"><a href = \"https:\/\/www.comite-costea.fr\/en\/production\/ar-note-de-positionnement-bas-fonds\/\"><img src = \"https:\/\/www.comite-costea.fr\/wp-content\/uploads\/8-arabe-3.jpg\" \/><\/a><\/div><div class=\"fwpl-item title\"><a href=\"https:\/\/www.comite-costea.fr\/en\/production\/ar-note-de-positionnement-bas-fonds\/\">\u0645\u0630\u0643\u0631\u0627\u062a \u0645\u0648\u0642\u0641 \u0627\u0644\u0644\u062c\u0646\u0629 \u0627\u0644\u0639\u0644\u0645\u064a\u0629 \u0648\u0627\u0644\u062a\u0642\u0646\u064a\u0629 \u0644\u0644\u0645\u064a\u0627\u0647 \u0627\u0644\u0641\u0644\u0627\u062d\u064a\u0629 - Bas-fonds<\/a><\/div><\/div><\/div><\/div><\/div>\n<style>\n.fwpl-layout, .fwpl-row {\n    display: grid;\n}\n.fwpl-layout.results productions {\n    grid-template-columns: repeat(4, 1fr);\n    grid-gap: 10px;\n}\n.fwpl-layout.results productions .fwpl-result {\n    background-color: #efefef;\n}\n.fwpl-row.el-g0q59p {\n    grid-template-columns: 1fr;\n}\n<\/style>\n<\/div>\n<div class=\"facetwp-facet facetwp-facet-pagination facetwp-type-pager\" data-name=\"pagination\" data-type=\"pager\"><\/div>\n<\/div><\/section><\/div>\n<div class='flex_column_table av-kk3zwqnd-2a88c605959841f0000a2e8321c64da3 sc-av_three_fifth av-equal-height-column-flextable'>\n<style type=\"text\/css\" data-created_by=\"avia_inline_auto\" id=\"style-css-av-kk3zwqnd-2a88c605959841f0000a2e8321c64da3\">\n.flex_column.av-kk3zwqnd-2a88c605959841f0000a2e8321c64da3{\n-webkit-border-radius:0px 0px 0px 0px;\n-moz-border-radius:0px 0px 0px 0px;\nborder-radius:0px 0px 0px 0px;\npadding:0px 0px 0px 0px;\n}\n<\/style>\n<div class='flex_column av-kk3zwqnd-2a88c605959841f0000a2e8321c64da3 av_three_fifth  avia-builder-el-8  el_after_av_one_full  el_before_av_two_fifth  first flex_column_table_cell av-equal-height-column av-align-middle av-zero-column-padding column-top-margin'     ><p>\n<style type=\"text\/css\" data-created_by=\"avia_inline_auto\" id=\"style-css-av-klqn1anr-7bfcad9326afa4d5094caa839a2ef3ce\">\n#top .av-special-heading.av-klqn1anr-7bfcad9326afa4d5094caa839a2ef3ce{\npadding-bottom:10px;\n}\nbody .av-special-heading.av-klqn1anr-7bfcad9326afa4d5094caa839a2ef3ce .av-special-heading-tag .heading-char{\nfont-size:25px;\n}\n.av-special-heading.av-klqn1anr-7bfcad9326afa4d5094caa839a2ef3ce .av-subheading{\nfont-size:15px;\n}\n<\/style>\n<div  class='av-special-heading av-klqn1anr-7bfcad9326afa4d5094caa839a2ef3ce av-special-heading-h2  avia-builder-el-9  el_before_av_textblock  avia-builder-el-first'><h2 class='av-special-heading-tag'  itemprop=\"headline\"  >Why agricultural development and management of valley bottoms and small flood plains in West Africa?<\/h2><div class=\"special-heading-border\"><div class=\"special-heading-inner-border\"><\/div><\/div><\/div><br \/>\n<section  class='av_textblock_section av-kjsdl4x9-3967ae459a51f392defad64893acea9f'  itemscope=\"itemscope\" itemtype=\"https:\/\/schema.org\/CreativeWork\" ><div class='avia_textblock'  itemprop=\"text\" ><p>Tropical valley bottoms are a special environment, with high potential for agricultural development due to water availability, fertility and numerous ecosystem functions. In addition to their agricultural potential, valley bottoms fulfil various economic, ecological and social functions.<\/p>\n<p>These areas are rich in biodiversity. They play an important role for grazing throughout the seasons, wood supply and foraging, and water supply for livestock and domestic and artisanal uses. They contribute significantly to food security and the financial stability of households. Yet less than one third of these strategic areas, representing approximately ten million hectares in Africa, is currently cultivated. Valley bottoms have specific constraints linked to their limited size, irregular water resources and flood risks. These specificities have implications on the modes of development action and management choices to be proposed, and call for a renewed engineering approach. These factors are the basis for our choice to address valley bottoms in West Africa.<\/p>\n<\/div><\/section><br \/>\n\n<style type=\"text\/css\" data-created_by=\"avia_inline_auto\" id=\"style-css-av-dlqha-74b3bf859b5704aa9ffeb669cc08ffed\">\n#top .av-special-heading.av-dlqha-74b3bf859b5704aa9ffeb669cc08ffed{\npadding-bottom:10px;\n}\nbody .av-special-heading.av-dlqha-74b3bf859b5704aa9ffeb669cc08ffed .av-special-heading-tag .heading-char{\nfont-size:25px;\n}\n.av-special-heading.av-dlqha-74b3bf859b5704aa9ffeb669cc08ffed .av-subheading{\nfont-size:15px;\n}\n<\/style>\n<div  class='av-special-heading av-dlqha-74b3bf859b5704aa9ffeb669cc08ffed av-special-heading-h2  avia-builder-el-11  el_after_av_textblock  el_before_av_textblock'><h2 class='av-special-heading-tag'  itemprop=\"headline\"  >What do we do?<\/h2><div class=\"special-heading-border\"><div class=\"special-heading-inner-border\"><\/div><\/div><\/div><br \/>\n<section  class='av_textblock_section av-kjsdjstv-e432df448cb6e63a84187ddf92de980d'  itemscope=\"itemscope\" itemtype=\"https:\/\/schema.org\/CreativeWork\" ><div class='avia_textblock'  itemprop=\"text\" ><p>By capitalising on experience, we seek to generate new knowledge to improve valley bottom development programmes and projects. In particular, we aim for a better understanding of the diversity of valley bottom situations, such as the intrinsic characteristics of the valley bottom in its catchment area, the development models or production systems and value chains.<br \/>\nNous nous focalisons \u00e9galement sur les aspects socio-organisationnels tel que le montage institutionnel des projets ou l\u2019enchev\u00eatrement des organisations sociales, le compromis entre d\u00e9veloppement agricole et multiusages des ressources des bas-fonds.<\/p>\n<p>Our study zones are valley bottom areas and small floodplains in West Africa.<\/p>\n<p>Un consortium CIRAD\/INSUCO\/IRD a \u00e9t\u00e9 recrut\u00e9 comme prestataire.<\/p>\n<p>Cette action a \u00e9t\u00e9 lanc\u00e9e en septembre 2021, ces travaux sont en cours de finalisation.<\/p>\n<\/div><\/section><\/p><\/div>\n<div class='av-flex-placeholder'><\/div>\n<style type=\"text\/css\" data-created_by=\"avia_inline_auto\" id=\"style-css-av-encqa-404101f3123420d66a5c491dbd3076ec\">\n.flex_column.av-encqa-404101f3123420d66a5c491dbd3076ec{\n-webkit-border-radius:0px 0px 0px 0px;\n-moz-border-radius:0px 0px 0px 0px;\nborder-radius:0px 0px 0px 0px;\npadding:0px 0px 0px 0px;\n}\n<\/style>\n<div class='flex_column av-encqa-404101f3123420d66a5c491dbd3076ec av_two_fifth  avia-builder-el-13  el_after_av_three_fifth  el_before_av_one_full  flex_column_table_cell av-equal-height-column av-align-middle av-zero-column-padding column-top-margin'     >\n<style type=\"text\/css\" data-created_by=\"avia_inline_auto\" id=\"style-css-av-kk3ro2nc-acc443072cd2b9c6200906e9784f0a95\">\n.avia-image-container.av-kk3ro2nc-acc443072cd2b9c6200906e9784f0a95 img.avia_image{\nbox-shadow:none;\n}\n.avia-image-container.av-kk3ro2nc-acc443072cd2b9c6200906e9784f0a95 .av-image-caption-overlay-center{\ncolor:#ffffff;\n}\n<\/style>\n<div  class='avia-image-container av-kk3ro2nc-acc443072cd2b9c6200906e9784f0a95 av-styling-circle avia-align-center  avia-builder-el-14  avia-builder-el-no-sibling'   itemprop=\"image\" itemscope=\"itemscope\" itemtype=\"https:\/\/schema.org\/ImageObject\" ><div class=\"avia-image-container-inner\"><div class=\"avia-image-overlay-wrap\"><img decoding=\"async\" class='wp-image-496 avia-img-lazy-loading-not-496 avia_image' src=\"https:\/\/www.comite-costea.fr\/wp-content\/uploads\/AS-Bas-Fonds--scaled-e1611060759386-1030x1030.jpg\" alt='' title='AS Bas Fonds'  height=\"1030\" width=\"1030\"  itemprop=\"thumbnailUrl\" srcset=\"https:\/\/www.comite-costea.fr\/wp-content\/uploads\/AS-Bas-Fonds--scaled-e1611060759386-1030x1030.jpg 1030w, https:\/\/www.comite-costea.fr\/wp-content\/uploads\/AS-Bas-Fonds--scaled-e1611060759386-300x300.jpg 300w, https:\/\/www.comite-costea.fr\/wp-content\/uploads\/AS-Bas-Fonds--scaled-e1611060759386-768x768.jpg 768w, https:\/\/www.comite-costea.fr\/wp-content\/uploads\/AS-Bas-Fonds--scaled-e1611060759386-1536x1536.jpg 1536w, https:\/\/www.comite-costea.fr\/wp-content\/uploads\/AS-Bas-Fonds--scaled-e1611060759386-36x36.jpg 36w, https:\/\/www.comite-costea.fr\/wp-content\/uploads\/AS-Bas-Fonds--scaled-e1611060759386-180x180.jpg 180w, https:\/\/www.comite-costea.fr\/wp-content\/uploads\/AS-Bas-Fonds--scaled-e1611060759386-1500x1500.jpg 1500w, https:\/\/www.comite-costea.fr\/wp-content\/uploads\/AS-Bas-Fonds--scaled-e1611060759386-705x705.jpg 705w\" sizes=\"(max-width: 1030px) 100vw, 1030px\" \/><\/div><\/div><\/div><\/div><\/div>\n<!--close column table wrapper. Autoclose: 1 -->\n\n<style type=\"text\/css\" data-created_by=\"avia_inline_auto\" id=\"style-css-av-gvt92-433604748cef7df60cee5b087c636625\">\n#top .flex_column.av-gvt92-433604748cef7df60cee5b087c636625{\nmargin-top:50px;\nmargin-bottom:0px;\n}\n.flex_column.av-gvt92-433604748cef7df60cee5b087c636625{\n-webkit-border-radius:0px 0px 0px 0px;\n-moz-border-radius:0px 0px 0px 0px;\nborder-radius:0px 0px 0px 0px;\npadding:0px 0px 0px 0px;\n}\n.responsive #top #wrap_all .flex_column.av-gvt92-433604748cef7df60cee5b087c636625{\nmargin-top:50px;\nmargin-bottom:0px;\n}\n<\/style>\n<div class='flex_column av-gvt92-433604748cef7df60cee5b087c636625 av_one_full  avia-builder-el-15  el_after_av_two_fifth  avia-builder-el-last  read-more first flex_column_div av-zero-column-padding'     ><p>\n<style type=\"text\/css\" data-created_by=\"avia_inline_auto\" id=\"style-css-av-9r952-8b176e500cf873848583432ef7e51684\">\n#top .av-special-heading.av-9r952-8b176e500cf873848583432ef7e51684{\npadding-bottom:10px;\n}\nbody .av-special-heading.av-9r952-8b176e500cf873848583432ef7e51684 .av-special-heading-tag .heading-char{\nfont-size:25px;\n}\n.av-special-heading.av-9r952-8b176e500cf873848583432ef7e51684 .av-subheading{\nfont-size:15px;\n}\n<\/style>\n<div  class='av-special-heading av-9r952-8b176e500cf873848583432ef7e51684 av-special-heading-h2  avia-builder-el-16  el_before_av_textblock  avia-builder-el-first'><h2 class='av-special-heading-tag'  itemprop=\"headline\"  >FURTHER READING<\/h2><div class=\"special-heading-border\"><div class=\"special-heading-inner-border\"><\/div><\/div><\/div><br \/>\n<section  class='av_textblock_section av-kjsdl7ek-5a6351064376c545d21d9c9014b932e8'  itemscope=\"itemscope\" itemtype=\"https:\/\/schema.org\/CreativeWork\" ><div class='avia_textblock'  itemprop=\"text\" ><p>Preparatory documents of this action:<\/p>\n<ul>\n<li><a href=\"https:\/\/www.comite-costea.fr\/wp-content\/uploads\/Note_cadrage_AS_COSTEA_Bas_fonds_vf.pdf\">Framework Paper (in French)<\/a><\/li>\n<li><a href=\"https:\/\/www.comite-costea.fr\/wp-content\/uploads\/TDR_Bas_fond_COSTEA-vf.pdf\">Terms of Reference (in French)<\/a><\/li>\n<\/ul>\n<p>The deliverables produced by the action:<\/p>\n<ul>\n<li><a href=\"https:\/\/www.comite-costea.fr\/wp-content\/uploads\/Rapport-de-demarrage-Costea-Bas-fonds-v2.pdf\">Inception Report (in French)<\/a><\/li>\n<li><a href=\"https:\/\/www.comite-costea.fr\/wp-content\/uploads\/Rapport-L2_Costea-Methodes_diagnostic_pre-amenagement.pdf\">Rapport COSTEA M\u00e9thodes et diagnostic pr\u00e9-am\u00e9nagement Afrique de l&rsquo;Ouest<\/a><\/li>\n<li><a href=\"https:\/\/www.comite-costea.fr\/wp-content\/uploads\/RapportNIGER_Valorisation_Agricole_Amenagement.pdf\">Rapport NIGER<\/a><\/li>\n<li><a href=\"https:\/\/www.comite-costea.fr\/wp-content\/uploads\/L1_Burkina_Faso_Rapport_Pays.pdf\">Rapport Burkina_Faso<\/a><\/li>\n<li><a href=\"https:\/\/www.comite-costea.fr\/wp-content\/uploads\/L1_Mali_Rapport_Pays-1.pdf\">Rapport Mali<\/a><\/li>\n<li><a href=\"https:\/\/www.comite-costea.fr\/wp-content\/uploads\/rapport-Bas-fond-Nambe-Burkina-Faso-1.pdf\">Rapport Site Nambe Burkina Faso<\/a><\/li>\n<li><a href=\"https:\/\/www.comite-costea.fr\/wp-content\/uploads\/rapport-Bas-fond-Tialla-Burkina-Faso.pdf\">Rapport Site Tialla Burkina Faso<\/a><\/li>\n<li><a href=\"https:\/\/www.comite-costea.fr\/wp-content\/uploads\/Rapport_Bas-fond-Doumba-Mali.pdf\">Rapport Site Doumba Mali<\/a><\/li>\n<li><a href=\"https:\/\/www.comite-costea.fr\/wp-content\/uploads\/Rapport_Bas-fond-Senou-Mali.pdf\">Rapport Site Senou Mali<\/a><\/li>\n<li><a href=\"https:\/\/www.comite-costea.fr\/wp-content\/uploads\/Rapport_Vallee-de-Founkoye_Niger-2.pdf\">Rapport Vall\u00e9e Founkoye Niger<\/a><\/li>\n<li><a href=\"https:\/\/www.comite-costea.fr\/wp-content\/uploads\/Rapport_Vallee-du-Tadiss_Niger.pdf\">Rapport Vall\u00e9e Tadiss_Niger<\/a><\/li>\n<\/ul>\n<\/div><\/section><\/p><\/div>","protected":false},"excerpt":{"rendered":"","protected":false},"author":1,"featured_media":0,"parent":6,"menu_order":16,"comment_status":"closed","ping_status":"closed","template":"","meta":{"footnotes":""},"acf":[],"_links":{"self":[{"href":"https:\/\/www.comite-costea.fr\/en\/wp-json\/wp\/v2\/pages\/102"}],"collection":[{"href":"https:\/\/www.comite-costea.fr\/en\/wp-json\/wp\/v2\/pages"}],"about":[{"href":"https:\/\/www.comite-costea.fr\/en\/wp-json\/wp\/v2\/types\/page"}],"author":[{"embeddable":true,"href":"https:\/\/www.comite-costea.fr\/en\/wp-json\/wp\/v2\/users\/1"}],"replies":[{"embeddable":true,"href":"https:\/\/www.comite-costea.fr\/en\/wp-json\/wp\/v2\/comments?post=102"}],"version-history":[{"count":36,"href":"https:\/\/www.comite-costea.fr\/en\/wp-json\/wp\/v2\/pages\/102\/revisions"}],"predecessor-version":[{"id":7589,"href":"https:\/\/www.comite-costea.fr\/en\/wp-json\/wp\/v2\/pages\/102\/revisions\/7589"}],"up":[{"embeddable":true,"href":"https:\/\/www.comite-costea.fr\/en\/wp-json\/wp\/v2\/pages\/6"}],"wp:attachment":[{"href":"https:\/\/www.comite-costea.fr\/en\/wp-json\/wp\/v2\/media?parent=102"}],"curies":[{"name":"wp","href":"https:\/\/api.w.org\/{rel}","templated":true}]}}