{"id":12,"date":"2020-10-14T10:53:15","date_gmt":"2020-10-14T08:53:15","guid":{"rendered":"http:\/\/cos-mwm\/?page_id=12"},"modified":"2021-02-26T14:18:39","modified_gmt":"2021-02-26T13:18:39","slug":"appels-doffres","status":"publish","type":"page","link":"https:\/\/www.comite-costea.fr\/en\/appels-doffres\/","title":{"rendered":"Calls for tender"},"content":{"rendered":"<style type=\"text\/css\" data-created_by=\"avia_inline_auto\" id=\"style-css-av-1qpna-fdc6a9c1649803b3bf0ba74686b98b39\">\n.flex_column.av-1qpna-fdc6a9c1649803b3bf0ba74686b98b39{\n-webkit-border-radius:0px 0px 0px 0px;\n-moz-border-radius:0px 0px 0px 0px;\nborder-radius:0px 0px 0px 0px;\npadding:0px 0px 0px 0px;\n}\n<\/style>\n<div class='flex_column av-1qpna-fdc6a9c1649803b3bf0ba74686b98b39 av_one_third  avia-builder-el-0  el_before_av_two_third  avia-builder-el-first  search-form first flex_column_div av-zero-column-padding'     ><\/div>\n\n<style type=\"text\/css\" data-created_by=\"avia_inline_auto\" id=\"style-css-av-2d6y-f4e8734cf62da7a75446aa5c5dc06ea8\">\n.flex_column.av-2d6y-f4e8734cf62da7a75446aa5c5dc06ea8{\n-webkit-border-radius:0px 0px 0px 0px;\n-moz-border-radius:0px 0px 0px 0px;\nborder-radius:0px 0px 0px 0px;\npadding:0px 0px 0px 0px;\n}\n<\/style>\n<div class='flex_column av-2d6y-f4e8734cf62da7a75446aa5c5dc06ea8 av_two_third  avia-builder-el-1  el_after_av_one_third  avia-builder-el-last  flex_column_div av-zero-column-padding'     ><section  class='av_textblock_section av-khwh1q7k-c97bb30dcaa6ce394b06559edf31e890'  itemscope=\"itemscope\" itemtype=\"https:\/\/schema.org\/CreativeWork\" ><div class='avia_textblock'  itemprop=\"text\" ><div class=\"facetwp-facet facetwp-facet-pagination facetwp-type-pager\" data-name=\"pagination\" data-type=\"pager\"><\/div>\n<div class=\"facetwp-template\" data-name=\"appels_offre\"><div class=\"fwpl-layout results tenders\"><div class=\"fwpl-result r1\"><div class=\"fwpl-row el-jfwuka\"><div class=\"fwpl-col fwpl-col el-2u8h3\"><div class=\"fwpl-item date\">04\/02\/2026<\/div><div class=\"fwpl-item title\">Development of a conceptual and methodological framework for the assessment of GHG emissions from irrigated agricultural systems and mitigation pathways through an agroecological transition<\/div><div class=\"fwpl-item el-syg8l\"><p><a href=\"https:\/\/www.comite-costea.fr\/wp-content\/uploads\/COSTEA3_AppelManifestationInteret_AS_Volet2_EN.pdf\">COSTEA3 Appel \u00e0 Manifestation Int\u00e9r\u00eat Action Structurante_Volet2<\/a><\/p><\/div><\/div><\/div><\/div><\/div>\n<style>\n.fwpl-layout, .fwpl-row {\n    display: grid;\n}\n.fwpl-layout.results tenders {\n    grid-template-columns: repeat(1, 1fr);\n    grid-gap: 30px;\n}\n.fwpl-row.el-jfwuka {\n    grid-template-columns: 1fr;\n}\n<\/style>\n<\/div>\n<div class=\"facetwp-facet facetwp-facet-pagination facetwp-type-pager\" data-name=\"pagination\" data-type=\"pager\"><\/div>\n<\/div><\/section><\/div>","protected":false},"excerpt":{"rendered":"","protected":false},"author":1,"featured_media":0,"parent":0,"menu_order":28,"comment_status":"closed","ping_status":"closed","template":"","meta":{"footnotes":""},"acf":[],"_links":{"self":[{"href":"https:\/\/www.comite-costea.fr\/en\/wp-json\/wp\/v2\/pages\/12"}],"collection":[{"href":"https:\/\/www.comite-costea.fr\/en\/wp-json\/wp\/v2\/pages"}],"about":[{"href":"https:\/\/www.comite-costea.fr\/en\/wp-json\/wp\/v2\/types\/page"}],"author":[{"embeddable":true,"href":"https:\/\/www.comite-costea.fr\/en\/wp-json\/wp\/v2\/users\/1"}],"replies":[{"embeddable":true,"href":"https:\/\/www.comite-costea.fr\/en\/wp-json\/wp\/v2\/comments?post=12"}],"version-history":[{"count":11,"href":"https:\/\/www.comite-costea.fr\/en\/wp-json\/wp\/v2\/pages\/12\/revisions"}],"predecessor-version":[{"id":968,"href":"https:\/\/www.comite-costea.fr\/en\/wp-json\/wp\/v2\/pages\/12\/revisions\/968"}],"wp:attachment":[{"href":"https:\/\/www.comite-costea.fr\/en\/wp-json\/wp\/v2\/media?parent=12"}],"curies":[{"name":"wp","href":"https:\/\/api.w.org\/{rel}","templated":true}]}}