{"id":210,"date":"2021-01-11T10:27:35","date_gmt":"2021-01-11T09:27:35","guid":{"rendered":"http:\/\/www.comite-costea.fr\/?page_id=210"},"modified":"2024-05-06T09:22:31","modified_gmt":"2024-05-06T07:22:31","slug":"agroecologie","status":"publish","type":"page","link":"https:\/\/www.comite-costea.fr\/en\/actions\/agroecologie\/","title":{"rendered":"Agroecological transitions in irrigated systems"},"content":{"rendered":"<style type=\"text\/css\" data-created_by=\"avia_inline_auto\" id=\"style-css-av-b9syi-46f3c93832618b1452703b0915eae8d4\">\n#top .av-special-heading.av-b9syi-46f3c93832618b1452703b0915eae8d4{\npadding-bottom:10px;\ncolor:#1d71b8;\n}\nbody .av-special-heading.av-b9syi-46f3c93832618b1452703b0915eae8d4 .av-special-heading-tag .heading-char{\nfont-size:25px;\n}\n.av-special-heading.av-b9syi-46f3c93832618b1452703b0915eae8d4 .special-heading-inner-border{\nborder-color:#1d71b8;\n}\n.av-special-heading.av-b9syi-46f3c93832618b1452703b0915eae8d4 .av-subheading{\nfont-size:15px;\n}\n<\/style>\n<div  class='av-special-heading av-b9syi-46f3c93832618b1452703b0915eae8d4 av-special-heading-h1 custom-color-heading  avia-builder-el-0  el_before_av_heading  avia-builder-el-first'><h1 class='av-special-heading-tag'  itemprop=\"headline\"  >Agroecological transitions in irrigated systems <\/h1><div class=\"special-heading-border\"><div class=\"special-heading-inner-border\"><\/div><\/div><\/div>\n\n<div class='flex_column av-2rwfm2-86fa5e3b35808c46cc757b52fc151a9e av_one_full  avia-builder-el-2  el_after_av_heading  el_before_av_one_full  first flex_column_div'     ><p><br \/>\n\n<style type=\"text\/css\" data-created_by=\"avia_inline_auto\" id=\"style-css-av-2e4vc2-4a4fdec47396c980437bdaefd8cd5295\">\n#top .av-special-heading.av-2e4vc2-4a4fdec47396c980437bdaefd8cd5295{\npadding-bottom:10px;\n}\nbody .av-special-heading.av-2e4vc2-4a4fdec47396c980437bdaefd8cd5295 .av-special-heading-tag .heading-char{\nfont-size:25px;\n}\n.av-special-heading.av-2e4vc2-4a4fdec47396c980437bdaefd8cd5295 .av-subheading{\nfont-size:15px;\n}\n<\/style>\n<div  class='av-special-heading av-2e4vc2-4a4fdec47396c980437bdaefd8cd5295 av-special-heading-h2  avia-builder-el-4  el_after_av_heading  el_before_av_textblock'><h2 class='av-special-heading-tag'  itemprop=\"headline\"  >Our main publications <\/h2><div class=\"special-heading-border\"><div class=\"special-heading-inner-border\"><\/div><\/div><\/div><br \/>\n<section  class='av_textblock_section av-29i2pe-bc92da20889d5879a3ed233ede8b0b72'  itemscope=\"itemscope\" itemtype=\"https:\/\/schema.org\/CreativeWork\" ><div class='avia_textblock'  itemprop=\"text\" ><\/div><\/section><br \/>\n<section  class='av_textblock_section av-24iyei-4c2107a1f63efe410a25529d898f8063'  itemscope=\"itemscope\" itemtype=\"https:\/\/schema.org\/CreativeWork\" ><div class='avia_textblock'  itemprop=\"text\" ><p>Click on the images to download the final report with recommendations and the action poster<\/p>\n<\/div><\/section><\/p><\/div>\n<div class='flex_column av-e9qre-fa5ac632b0953aa911e6a3176bc1aee7 av_one_full  avia-builder-el-7  el_after_av_one_full  el_before_av_three_fifth  results-container first flex_column_div column-top-margin'     ><section  class='av_textblock_section av-7luyi-8ab1df386ecc323088a7009d44a8b25a'  itemscope=\"itemscope\" itemtype=\"https:\/\/schema.org\/CreativeWork\" ><div class='avia_textblock'  itemprop=\"text\" ><div class=\"facetwp-facet facetwp-facet-pagination facetwp-type-pager\" data-name=\"pagination\" data-type=\"pager\"><\/div>\n<div class=\"facetwp-template\" data-name=\"prods_action\"><div class=\"fwpl-layout results productions\"><div class=\"fwpl-result r1\"><div class=\"fwpl-row el-g0q59p\"><div class=\"fwpl-col fwpl-col el-xshbgi\"><div class=\"fwpl-item cover\"><a href = \"https:\/\/www.comite-costea.fr\/en\/production\/poster-de-laction-structurante-transitons-agroecologiques-en-systemes-irrigues\/\"><img src = \"https:\/\/www.comite-costea.fr\/wp-content\/uploads\/PosterAGROECO.png\" \/><\/a><\/div><div class=\"fwpl-item title\"><a href=\"https:\/\/www.comite-costea.fr\/en\/production\/poster-de-laction-structurante-transitons-agroecologiques-en-systemes-irrigues\/\">Poster de l'action structurante Transitions agro\u00e9cologiques en syst\u00e8mes irrigu\u00e9s<\/a><\/div><\/div><\/div><\/div><div class=\"fwpl-result r2\"><div class=\"fwpl-row el-g0q59p\"><div class=\"fwpl-col fwpl-col el-xshbgi\"><div class=\"fwpl-item cover\"><a href = \"https:\/\/www.comite-costea.fr\/en\/production\/rapport-final-transitions-agroecologiques\/\"><img src = \"https:\/\/www.comite-costea.fr\/wp-content\/uploads\/agro.jpg\" \/><\/a><\/div><div class=\"fwpl-item title\"><a href=\"https:\/\/www.comite-costea.fr\/en\/production\/rapport-final-transitions-agroecologiques\/\">Rapport Final Transitions Agro\u00e9cologiques<\/a><\/div><\/div><\/div><\/div><div class=\"fwpl-result r3\"><div class=\"fwpl-row el-g0q59p\"><div class=\"fwpl-col fwpl-col el-xshbgi\"><div class=\"fwpl-item cover\"><a href = \"https:\/\/www.comite-costea.fr\/en\/production\/final-report-transitions-agroecologiques\/\"><img src = \"https:\/\/www.comite-costea.fr\/wp-content\/uploads\/agro-1.jpg\" \/><\/a><\/div><div class=\"fwpl-item title\"><a href=\"https:\/\/www.comite-costea.fr\/en\/production\/final-report-transitions-agroecologiques\/\">Final Report Transitions Agro\u00e9cologiques<\/a><\/div><\/div><\/div><\/div><div class=\"fwpl-result r4\"><div class=\"fwpl-row el-g0q59p\"><div class=\"fwpl-col fwpl-col el-xshbgi\"><div class=\"fwpl-item cover\"><a href = \"https:\/\/www.comite-costea.fr\/en\/production\/policy-briefs-transition-agroecologique-systemes-irrigues\/\"><img src = \"https:\/\/www.comite-costea.fr\/wp-content\/uploads\/6-image-EN.jpg\" \/><\/a><\/div><div class=\"fwpl-item title\"><a href=\"https:\/\/www.comite-costea.fr\/en\/production\/policy-briefs-transition-agroecologique-systemes-irrigues\/\">Policy Briefs - Transition agro\u00e9cologique syst\u00e8mes irrigu\u00e9s<\/a><\/div><\/div><\/div><\/div><div class=\"fwpl-result r5\"><div class=\"fwpl-row el-g0q59p\"><div class=\"fwpl-col fwpl-col el-xshbgi\"><div class=\"fwpl-item cover\"><a href = \"https:\/\/www.comite-costea.fr\/en\/production\/nota-de-orientacion-transition-agroecologique-systemes-irrigues\/\"><img src = \"https:\/\/www.comite-costea.fr\/wp-content\/uploads\/6-image-ES-1.jpg\" \/><\/a><\/div><div class=\"fwpl-item title\"><a href=\"https:\/\/www.comite-costea.fr\/en\/production\/nota-de-orientacion-transition-agroecologique-systemes-irrigues\/\">Nota de Orientacion - Transition agro\u00e9cologique syst\u00e8mes irrigu\u00e9s<\/a><\/div><\/div><\/div><\/div><div class=\"fwpl-result r6\"><div class=\"fwpl-row el-g0q59p\"><div class=\"fwpl-col fwpl-col el-xshbgi\"><div class=\"fwpl-item cover\"><a href = \"https:\/\/www.comite-costea.fr\/en\/production\/note-de-positionnement-transition-agroecologique-systemes-irrigues\/\"><img src = \"https:\/\/www.comite-costea.fr\/wp-content\/uploads\/6-image-FR.jpg\" \/><\/a><\/div><div class=\"fwpl-item title\"><a href=\"https:\/\/www.comite-costea.fr\/en\/production\/note-de-positionnement-transition-agroecologique-systemes-irrigues\/\">Note de positionnement - Transition agro\u00e9cologique syst\u00e8mes irrigu\u00e9s<\/a><\/div><\/div><\/div><\/div><div class=\"fwpl-result r7\"><div class=\"fwpl-row el-g0q59p\"><div class=\"fwpl-col fwpl-col el-xshbgi\"><div class=\"fwpl-item cover\"><a href = \"https:\/\/www.comite-costea.fr\/en\/production\/ar-note-de-positionnement-agroecologie\/\"><img src = \"https:\/\/www.comite-costea.fr\/wp-content\/uploads\/6-arabe-1.jpg\" \/><\/a><\/div><div class=\"fwpl-item title\"><a href=\"https:\/\/www.comite-costea.fr\/en\/production\/ar-note-de-positionnement-agroecologie\/\">\u0645\u0630\u0643\u0631\u0627\u062a \u0645\u0648\u0642\u0641 \u0627\u0644\u0644\u062c\u0646\u0629 \u0627\u0644\u0639\u0644\u0645\u064a\u0629 \u0648\u0627\u0644\u062a\u0642\u0646\u064a\u0629 \u0644\u0644\u0645\u064a\u0627\u0647 \u0627\u0644\u0641\u0644\u0627\u062d\u064a\u0629 - Agro\u00e9cologie<\/a><\/div><\/div><\/div><\/div><\/div>\n<style>\n.fwpl-layout, .fwpl-row {\n    display: grid;\n}\n.fwpl-layout.results productions {\n    grid-template-columns: repeat(4, 1fr);\n    grid-gap: 10px;\n}\n.fwpl-layout.results productions .fwpl-result {\n    background-color: #efefef;\n}\n.fwpl-row.el-g0q59p {\n    grid-template-columns: 1fr;\n}\n<\/style>\n<\/div>\n<div class=\"facetwp-facet facetwp-facet-pagination facetwp-type-pager\" data-name=\"pagination\" data-type=\"pager\"><\/div>\n<\/div><\/section><\/div>\n<div class='flex_column_table av-6hghe-e8478218d7814ca27ecbcb523039d2c7 sc-av_three_fifth av-equal-height-column-flextable'>\n<style type=\"text\/css\" data-created_by=\"avia_inline_auto\" id=\"style-css-av-6hghe-e8478218d7814ca27ecbcb523039d2c7\">\n.flex_column.av-6hghe-e8478218d7814ca27ecbcb523039d2c7{\n-webkit-border-radius:0px 0px 0px 0px;\n-moz-border-radius:0px 0px 0px 0px;\nborder-radius:0px 0px 0px 0px;\npadding:0px 0px 0px 0px;\n}\n<\/style>\n<div class='flex_column av-6hghe-e8478218d7814ca27ecbcb523039d2c7 av_three_fifth  avia-builder-el-9  el_after_av_one_full  el_before_av_two_fifth  first flex_column_table_cell av-equal-height-column av-align-middle av-zero-column-padding column-top-margin'     ><p>\n<style type=\"text\/css\" data-created_by=\"avia_inline_auto\" id=\"style-css-av-1jw77e-c3f82aaafdf928f5498d8ef126212776\">\n#top .av-special-heading.av-1jw77e-c3f82aaafdf928f5498d8ef126212776{\npadding-bottom:10px;\n}\nbody .av-special-heading.av-1jw77e-c3f82aaafdf928f5498d8ef126212776 .av-special-heading-tag .heading-char{\nfont-size:25px;\n}\n.av-special-heading.av-1jw77e-c3f82aaafdf928f5498d8ef126212776 .av-subheading{\nfont-size:15px;\n}\n<\/style>\n<div  class='av-special-heading av-1jw77e-c3f82aaafdf928f5498d8ef126212776 av-special-heading-h2  avia-builder-el-10  el_before_av_textblock  avia-builder-el-first'><h2 class='av-special-heading-tag'  itemprop=\"headline\"  >Why agroecological transitions in irrigated systems?<\/h2><div class=\"special-heading-border\"><div class=\"special-heading-inner-border\"><\/div><\/div><\/div><br \/>\n<section  class='av_textblock_section av-1f2lz6-39486300c62a6260143d9477f3eaf3cf'  itemscope=\"itemscope\" itemtype=\"https:\/\/schema.org\/CreativeWork\" ><div class='avia_textblock'  itemprop=\"text\" ><p>Irrigation is promoted for having higher productivity than rainfed agriculture. Productivity depends on the use of chemicals, which is increasingly called into question for its impacts on public health and the environment. This dependence can also lock farmers into a cycle of debt.<\/p>\n<p>It is a matter of reinventing agricultural approaches and practices with a view to environmental sustainability.<\/p>\n<\/div><\/section><br \/>\n\n<style type=\"text\/css\" data-created_by=\"avia_inline_auto\" id=\"style-css-av-19kqiq-3d0aa14492fce8dadecad7799752253f\">\n#top .av-special-heading.av-19kqiq-3d0aa14492fce8dadecad7799752253f{\npadding-bottom:10px;\n}\nbody .av-special-heading.av-19kqiq-3d0aa14492fce8dadecad7799752253f .av-special-heading-tag .heading-char{\nfont-size:25px;\n}\n.av-special-heading.av-19kqiq-3d0aa14492fce8dadecad7799752253f .av-subheading{\nfont-size:15px;\n}\n<\/style>\n<div  class='av-special-heading av-19kqiq-3d0aa14492fce8dadecad7799752253f av-special-heading-h2  avia-builder-el-12  el_after_av_textblock  el_before_av_textblock'><h2 class='av-special-heading-tag'  itemprop=\"headline\"  >What do we do?<\/h2><div class=\"special-heading-border\"><div class=\"special-heading-inner-border\"><\/div><\/div><\/div><br \/>\n<section  class='av_textblock_section av-10v1b6-03e211af78cddf86c5e6a706718ca136'  itemscope=\"itemscope\" itemtype=\"https:\/\/schema.org\/CreativeWork\" ><div class='avia_textblock'  itemprop=\"text\" ><p>Through our actions in the field and our workshops, we aim to promote the development of agroecological practices in irrigated schemes.<\/p>\n<p>To do this, we inventory and characterise the agroecological practices employed in irrigated systems, and measure their socio-economic and agro-environmental impacts and performances. We analyse the conditions for success and factors that block agroecological transitions.<\/p>\n<p>Our areas of action and focus are the Maghreb, South-East Asia and West Africa.<\/p>\n<p>Cette action, lanc\u00e9e en Septembre 2020, a \u00e9t\u00e9 confi\u00e9e au groupement AVSF\/GRET\/CARI\/CIRAD et s&rsquo;est achev\u00e9e Octobre 2022.<\/p>\n<\/div><\/section><\/p><\/div>\n<div class='av-flex-placeholder'><\/div>\n<style type=\"text\/css\" data-created_by=\"avia_inline_auto\" id=\"style-css-av-33gia-51cde5d3fecd2219dc38d2cf841aa39d\">\n.flex_column.av-33gia-51cde5d3fecd2219dc38d2cf841aa39d{\n-webkit-border-radius:0px 0px 0px 0px;\n-moz-border-radius:0px 0px 0px 0px;\nborder-radius:0px 0px 0px 0px;\npadding:0px 0px 0px 0px;\n}\n<\/style>\n<div class='flex_column av-33gia-51cde5d3fecd2219dc38d2cf841aa39d av_two_fifth  avia-builder-el-14  el_after_av_three_fifth  el_before_av_one_full  flex_column_table_cell av-equal-height-column av-align-middle av-zero-column-padding column-top-margin'     >\n<style type=\"text\/css\" data-created_by=\"avia_inline_auto\" id=\"style-css-av-otitu-412e378fd6f5142695d64514b4e08af3\">\n.avia-image-container.av-otitu-412e378fd6f5142695d64514b4e08af3 img.avia_image{\nbox-shadow:none;\n}\n.avia-image-container.av-otitu-412e378fd6f5142695d64514b4e08af3 .av-image-caption-overlay-center{\ncolor:#ffffff;\n}\n<\/style>\n<div  class='avia-image-container av-otitu-412e378fd6f5142695d64514b4e08af3 av-styling-circle avia-align-center  avia-builder-el-15  avia-builder-el-no-sibling'   itemprop=\"image\" itemscope=\"itemscope\" itemtype=\"https:\/\/schema.org\/ImageObject\" ><div class=\"avia-image-container-inner\"><div class=\"avia-image-overlay-wrap\"><img decoding=\"async\" class='wp-image-449 avia-img-lazy-loading-not-449 avia_image' src=\"https:\/\/www.comite-costea.fr\/wp-content\/uploads\/AS-Agroecologie-5-e1611046780604.jpg\" alt='' title='AS Agro\u00e9cologie (5)'  height=\"960\" width=\"960\"  itemprop=\"thumbnailUrl\" srcset=\"https:\/\/www.comite-costea.fr\/wp-content\/uploads\/AS-Agroecologie-5-e1611046780604.jpg 960w, https:\/\/www.comite-costea.fr\/wp-content\/uploads\/AS-Agroecologie-5-e1611046780604-150x150.jpg 150w, https:\/\/www.comite-costea.fr\/wp-content\/uploads\/AS-Agroecologie-5-e1611046780604-300x300.jpg 300w, https:\/\/www.comite-costea.fr\/wp-content\/uploads\/AS-Agroecologie-5-e1611046780604-768x768.jpg 768w, https:\/\/www.comite-costea.fr\/wp-content\/uploads\/AS-Agroecologie-5-e1611046780604-36x36.jpg 36w, https:\/\/www.comite-costea.fr\/wp-content\/uploads\/AS-Agroecologie-5-e1611046780604-180x180.jpg 180w, https:\/\/www.comite-costea.fr\/wp-content\/uploads\/AS-Agroecologie-5-e1611046780604-705x705.jpg 705w\" sizes=\"(max-width: 960px) 100vw, 960px\" \/><\/div><\/div><\/div><\/div><\/div>\n<!--close column table wrapper. Autoclose: 1 -->\n\n<style type=\"text\/css\" data-created_by=\"avia_inline_auto\" id=\"style-css-av-nntaa-af9fd133c2c5e1b4da585c6c1bb54f68\">\n#top .flex_column.av-nntaa-af9fd133c2c5e1b4da585c6c1bb54f68{\nmargin-top:50px;\nmargin-bottom:0px;\n}\n.flex_column.av-nntaa-af9fd133c2c5e1b4da585c6c1bb54f68{\n-webkit-border-radius:0px 0px 0px 0px;\n-moz-border-radius:0px 0px 0px 0px;\nborder-radius:0px 0px 0px 0px;\npadding:0px 0px 0px 0px;\n}\n.responsive #top #wrap_all .flex_column.av-nntaa-af9fd133c2c5e1b4da585c6c1bb54f68{\nmargin-top:50px;\nmargin-bottom:0px;\n}\n<\/style>\n<div class='flex_column av-nntaa-af9fd133c2c5e1b4da585c6c1bb54f68 av_one_full  avia-builder-el-16  el_after_av_two_fifth  avia-builder-el-last  read-more first flex_column_div av-zero-column-padding'     ><p>\n<style type=\"text\/css\" data-created_by=\"avia_inline_auto\" id=\"style-css-av-g8avu-41a05c70726c70c447c5ea9e1cf608dd\">\n#top .av-special-heading.av-g8avu-41a05c70726c70c447c5ea9e1cf608dd{\npadding-bottom:10px;\n}\nbody .av-special-heading.av-g8avu-41a05c70726c70c447c5ea9e1cf608dd .av-special-heading-tag .heading-char{\nfont-size:25px;\n}\n.av-special-heading.av-g8avu-41a05c70726c70c447c5ea9e1cf608dd .av-subheading{\nfont-size:15px;\n}\n<\/style>\n<div  class='av-special-heading av-g8avu-41a05c70726c70c447c5ea9e1cf608dd av-special-heading-h2  avia-builder-el-17  el_before_av_textblock  avia-builder-el-first'><h2 class='av-special-heading-tag'  itemprop=\"headline\"  >FURTHER READING<\/h2><div class=\"special-heading-border\"><div class=\"special-heading-inner-border\"><\/div><\/div><\/div><br \/>\n<section  class='av_textblock_section av-90j16-34142d15535163cc8be8dc20787c4e30'  itemscope=\"itemscope\" itemtype=\"https:\/\/schema.org\/CreativeWork\" ><div class='avia_textblock'  itemprop=\"text\" ><p>Preparatory documents of this action:<\/p>\n<ul>\n<li><a href=\"http:\/\/www.comite-costea.fr\/wp-content\/uploads\/AS-AgroEcologie-NdC.pdf\" target=\"_blank\" rel=\"noopener\">Framework Paper (in French)<\/a><\/li>\n<li><a href=\"http:\/\/www.comite-costea.fr\/wp-content\/uploads\/AS-AgroEcologie-TDR.pdf\" target=\"_blank\" rel=\"noopener\">Terms of Reference (in French)<\/a><\/li>\n<\/ul>\n<p>Deliverables produced by this action:<\/p>\n<ul>\n<li><a href=\"https:\/\/www.comite-costea.fr\/wp-content\/uploads\/COSTEA-Transitions-agroeco-en-PI-Rapport-de-demarrage-L0_vf.pdf\" target=\"_blank\" rel=\"noopener\">Inception Report<\/a>, <a href=\"https:\/\/www.comite-costea.fr\/wp-content\/uploads\/Annexe-1-Cadre-analyse-Agroecologie-et-systemes-irriguees.pdf\" target=\"_blank\" rel=\"noopener\">Annex 1<\/a> and <a href=\"https:\/\/www.comite-costea.fr\/wp-content\/uploads\/Annexe-2-Grille-analyse-systemes-irriguees.xlsx\" target=\"_blank\" rel=\"noopener\">Annex 2<\/a><\/li>\n<li><a href=\"https:\/\/www.comite-costea.fr\/wp-content\/uploads\/COSTEA-Transitions-agroeco-en-SI-Cadrage-Concertation-L3.pdf\" target=\"_blank\" rel=\"noopener\">Framework Paper of Regional Consultation<\/a><\/li>\n<li><a href=\"https:\/\/www.comite-costea.fr\/wp-content\/uploads\/Presentation-Cambodge.pdf\" target=\"_blank\" rel=\"noopener\">Cambodia Presentation (in French)<\/a><\/li>\n<li><a href=\"https:\/\/www.comite-costea.fr\/wp-content\/uploads\/Presentation-Mitidja_Algerie.pdf\" target=\"_blank\" rel=\"noopener\">Algeria Presentation (Mitidja) (in French)<\/a><\/li>\n<li><a href=\"https:\/\/www.comite-costea.fr\/wp-content\/uploads\/Presentation-Mzab_Algerie.pdf\" target=\"_blank\" rel=\"noopener\">Algeria Presentation (Mzab) (in French)<\/a><\/li>\n<li><a href=\"https:\/\/www.comite-costea.fr\/wp-content\/uploads\/Presentation.SENEGAL.pdf\" target=\"_blank\" rel=\"noopener\">Senegal Presentation (in French)<\/a><\/li>\n<li><a href=\"https:\/\/www.comite-costea.fr\/wp-content\/uploads\/L1a_Inventaire_PratiquesAE_NTissa_ALGERIE-vf.pdf\" target=\"_blank\" rel=\"noopener\">Inventory and practices - Algeria (N'Tissa) (in French)<\/a><\/li>\n<li><a href=\"https:\/\/www.comite-costea.fr\/wp-content\/uploads\/L1b_Inventaire_PratiquesAE_Mitidja_ALGERIE-vf-.pdf\" target=\"_blank\" rel=\"noopener\">Inventory and practices - Algeria (Mitidja) (in French)<\/a><\/li>\n<li><a href=\"https:\/\/www.comite-costea.fr\/wp-content\/uploads\/L1c_Inventaire_PratiquesAE_CAMBODGE-vf.pdf\" target=\"_blank\" rel=\"noopener\">Inventory and practices - Cambodia (in French)<\/a><\/li>\n<li><a href=\"https:\/\/www.comite-costea.fr\/wp-content\/uploads\/L1d_Inventaire_PratiquesAE_Mboro_SENEGAL-vf.pdf\" target=\"_blank\" rel=\"noopener\">Inventory and practices - Senegal (Mboro) (in French)<\/a><\/li>\n<li><a href=\"https:\/\/www.comite-costea.fr\/wp-content\/uploads\/L1e_Inventaire_PratiquesAE_Guede_SENEGAL_vf.pdf\" target=\"_blank\" rel=\"noopener\">Inventory and practices - Senegal (Guede) (in French)<\/a><\/li>\n<li><a href=\"https:\/\/www.comite-costea.fr\/wp-content\/uploads\/Grille-dinventaire-des-pratiques-AE_Costea_VF.pdf\" target=\"_blank\" rel=\"noopener\">Inventory and characterisation of agroecological practices in irrigated systems (in French)<\/a><\/li>\n<li><a href=\"https:\/\/www.comite-costea.fr\/wp-content\/uploads\/L1_Synthese_Inventaires_PratiquesAE-vf.pdf\" target=\"_blank\" rel=\"noopener\">Synthesis of inventories and agroecological practices (in French)<\/a><\/li>\n<\/ul>\n<p>Another useful link:\u00a0<a href=\"https:\/\/www.avsf.org\/expertise-agroecologie-transition-transformation\/\" target=\"_blank\" rel=\"noopener\">Agroecology: methods to assess its development conditions and effects (in French)<\/a><\/p>\n<\/div><\/section><\/p><\/div>","protected":false},"excerpt":{"rendered":"","protected":false},"author":1,"featured_media":0,"parent":6,"menu_order":10,"comment_status":"closed","ping_status":"closed","template":"","meta":{"footnotes":""},"acf":[],"_links":{"self":[{"href":"https:\/\/www.comite-costea.fr\/en\/wp-json\/wp\/v2\/pages\/210"}],"collection":[{"href":"https:\/\/www.comite-costea.fr\/en\/wp-json\/wp\/v2\/pages"}],"about":[{"href":"https:\/\/www.comite-costea.fr\/en\/wp-json\/wp\/v2\/types\/page"}],"author":[{"embeddable":true,"href":"https:\/\/www.comite-costea.fr\/en\/wp-json\/wp\/v2\/users\/1"}],"replies":[{"embeddable":true,"href":"https:\/\/www.comite-costea.fr\/en\/wp-json\/wp\/v2\/comments?post=210"}],"version-history":[{"count":74,"href":"https:\/\/www.comite-costea.fr\/en\/wp-json\/wp\/v2\/pages\/210\/revisions"}],"predecessor-version":[{"id":8026,"href":"https:\/\/www.comite-costea.fr\/en\/wp-json\/wp\/v2\/pages\/210\/revisions\/8026"}],"up":[{"embeddable":true,"href":"https:\/\/www.comite-costea.fr\/en\/wp-json\/wp\/v2\/pages\/6"}],"wp:attachment":[{"href":"https:\/\/www.comite-costea.fr\/en\/wp-json\/wp\/v2\/media?parent=210"}],"curies":[{"name":"wp","href":"https:\/\/api.w.org\/{rel}","templated":true}]}}