{"id":218,"date":"2021-01-11T10:36:45","date_gmt":"2021-01-11T09:36:45","guid":{"rendered":"http:\/\/www.comite-costea.fr\/?page_id=218"},"modified":"2023-06-07T11:24:02","modified_gmt":"2023-06-07T09:24:02","slug":"zones-inondables","status":"publish","type":"page","link":"https:\/\/www.comite-costea.fr\/en\/actions\/zones-inondables\/","title":{"rendered":"Floodplains"},"content":{"rendered":"<style type=\"text\/css\" data-created_by=\"avia_inline_auto\" id=\"style-css-av-jb5mq-5dd6447ac78c2c6e586c65f50145b403\">\n#top .av-special-heading.av-jb5mq-5dd6447ac78c2c6e586c65f50145b403{\npadding-bottom:10px;\ncolor:#1d71b8;\n}\nbody .av-special-heading.av-jb5mq-5dd6447ac78c2c6e586c65f50145b403 .av-special-heading-tag .heading-char{\nfont-size:25px;\n}\n.av-special-heading.av-jb5mq-5dd6447ac78c2c6e586c65f50145b403 .special-heading-inner-border{\nborder-color:#1d71b8;\n}\n.av-special-heading.av-jb5mq-5dd6447ac78c2c6e586c65f50145b403 .av-subheading{\nfont-size:15px;\n}\n<\/style>\n<div  class='av-special-heading av-jb5mq-5dd6447ac78c2c6e586c65f50145b403 av-special-heading-h1 custom-color-heading  avia-builder-el-0  el_before_av_one_full  avia-builder-el-first'><h1 class='av-special-heading-tag'  itemprop=\"headline\"  >Developing and managing floodplains in a multifunctional perspective <\/h1><div class=\"special-heading-border\"><div class=\"special-heading-inner-border\"><\/div><\/div><\/div>\n<div class='flex_column av-nzle-35895e9dd9f57d9c5a0413b8186c6ecc av_one_full  avia-builder-el-1  el_after_av_heading  el_before_av_one_full  first flex_column_div'     ><p><br \/>\n\n<style type=\"text\/css\" data-created_by=\"avia_inline_auto\" id=\"style-css-av-gmt9m-0680d3ffb3cf26b498eb24366056b015\">\n#top .av-special-heading.av-gmt9m-0680d3ffb3cf26b498eb24366056b015{\npadding-bottom:10px;\n}\nbody .av-special-heading.av-gmt9m-0680d3ffb3cf26b498eb24366056b015 .av-special-heading-tag .heading-char{\nfont-size:25px;\n}\n.av-special-heading.av-gmt9m-0680d3ffb3cf26b498eb24366056b015 .av-subheading{\nfont-size:15px;\n}\n<\/style>\n<div  class='av-special-heading av-gmt9m-0680d3ffb3cf26b498eb24366056b015 av-special-heading-h2  avia-builder-el-3  el_after_av_heading  el_before_av_textblock'><h2 class='av-special-heading-tag'  itemprop=\"headline\"  >Our main publications <\/h2><div class=\"special-heading-border\"><div class=\"special-heading-inner-border\"><\/div><\/div><\/div><br \/>\n<section  class='av_textblock_section av-lct7wbvm-c90538e3de74bd07b990323cf54a6ca8'  itemscope=\"itemscope\" itemtype=\"https:\/\/schema.org\/CreativeWork\" ><div class='avia_textblock'  itemprop=\"text\" ><\/div><\/section><br \/>\n<section  class='av_textblock_section av-9ydei-5bf8c2a45fbada9df4fd68ba57a19386'  itemscope=\"itemscope\" itemtype=\"https:\/\/schema.org\/CreativeWork\" ><div class='avia_textblock'  itemprop=\"text\" ><p>Click on the image to download the action poster.<\/p>\n<\/div><\/section><\/p><\/div>\n<div class='flex_column av-er6uq-0168fb439490257cc28cae8cee23b7b8 av_one_full  avia-builder-el-6  el_after_av_one_full  el_before_av_three_fifth  results-container first flex_column_div column-top-margin'     ><section  class='av_textblock_section av-atdwy-bf58a2a39eb6cb468b69ae32c7c4cfb8'  itemscope=\"itemscope\" itemtype=\"https:\/\/schema.org\/CreativeWork\" ><div class='avia_textblock'  itemprop=\"text\" ><div class=\"facetwp-facet facetwp-facet-pagination facetwp-type-pager\" data-name=\"pagination\" data-type=\"pager\"><\/div>\n<div class=\"facetwp-template\" data-name=\"prods_action\"><div class=\"fwpl-layout results productions\"><div class=\"fwpl-result r1\"><div class=\"fwpl-row el-g0q59p\"><div class=\"fwpl-col fwpl-col el-xshbgi\"><div class=\"fwpl-item cover\"><a href = \"https:\/\/www.comite-costea.fr\/en\/production\/poster-de-laction-structurante-amenager-et-gerer-les-zones-inondables-dans-une-perspective-multifonctionnelle\/\"><img src = \"https:\/\/www.comite-costea.fr\/wp-content\/uploads\/PosterZONESINONDABLES.png\" \/><\/a><\/div><div class=\"fwpl-item title\"><a href=\"https:\/\/www.comite-costea.fr\/en\/production\/poster-de-laction-structurante-amenager-et-gerer-les-zones-inondables-dans-une-perspective-multifonctionnelle\/\">Poster de l'action structurante Am\u00e9nager et g\u00e9rer les zones inondables dans une perspective multifonctionnelle<\/a><\/div><\/div><\/div><\/div><div class=\"fwpl-result r2\"><div class=\"fwpl-row el-g0q59p\"><div class=\"fwpl-col fwpl-col el-xshbgi\"><div class=\"fwpl-item cover\"><a href = \"https:\/\/www.comite-costea.fr\/en\/production\/final-report-foncier-zones-inondables-maroc\/\"><img src = \"https:\/\/www.comite-costea.fr\/wp-content\/uploads\/12-Capture-EN.jpg\" \/><\/a><\/div><div class=\"fwpl-item title\"><a href=\"https:\/\/www.comite-costea.fr\/en\/production\/final-report-foncier-zones-inondables-maroc\/\">Final Report - Foncier zones inondables Maroc<\/a><\/div><\/div><\/div><\/div><div class=\"fwpl-result r3\"><div class=\"fwpl-row el-g0q59p\"><div class=\"fwpl-col fwpl-col el-xshbgi\"><div class=\"fwpl-item cover\"><a href = \"https:\/\/www.comite-costea.fr\/en\/production\/final-report-zones-inondables-cambodge\/\"><img src = \"https:\/\/www.comite-costea.fr\/wp-content\/uploads\/13-cambodge.jpg\" \/><\/a><\/div><div class=\"fwpl-item title\"><a href=\"https:\/\/www.comite-costea.fr\/en\/production\/final-report-zones-inondables-cambodge\/\">Final Report - Zones inondables Cambodge<\/a><\/div><\/div><\/div><\/div><div class=\"fwpl-result r4\"><div class=\"fwpl-row el-g0q59p\"><div class=\"fwpl-col fwpl-col el-xshbgi\"><div class=\"fwpl-item cover\"><a href = \"https:\/\/www.comite-costea.fr\/en\/production\/policy-briefs-zones-inondables-irriguees\/\"><img src = \"https:\/\/www.comite-costea.fr\/wp-content\/uploads\/5-image-EN-1.jpg\" \/><\/a><\/div><div class=\"fwpl-item title\"><a href=\"https:\/\/www.comite-costea.fr\/en\/production\/policy-briefs-zones-inondables-irriguees\/\">Policy Briefs - Zones inondables irrigu\u00e9es<\/a><\/div><\/div><\/div><\/div><div class=\"fwpl-result r5\"><div class=\"fwpl-row el-g0q59p\"><div class=\"fwpl-col fwpl-col el-xshbgi\"><div class=\"fwpl-item cover\"><a href = \"https:\/\/www.comite-costea.fr\/en\/production\/nota-de-orientacion-zones-inondables-irriguees\/\"><img src = \"https:\/\/www.comite-costea.fr\/wp-content\/uploads\/5-image-ES.jpg\" \/><\/a><\/div><div class=\"fwpl-item title\"><a href=\"https:\/\/www.comite-costea.fr\/en\/production\/nota-de-orientacion-zones-inondables-irriguees\/\">Nota de Orientacion - Zones inondables irrigu\u00e9es<\/a><\/div><\/div><\/div><\/div><div class=\"fwpl-result r6\"><div class=\"fwpl-row el-g0q59p\"><div class=\"fwpl-col fwpl-col el-xshbgi\"><div class=\"fwpl-item cover\"><a href = \"https:\/\/www.comite-costea.fr\/en\/production\/note-de-positionnement-zones-inondables-irriguees\/\"><img src = \"https:\/\/www.comite-costea.fr\/wp-content\/uploads\/5-image-FR-1.jpg\" \/><\/a><\/div><div class=\"fwpl-item title\"><a href=\"https:\/\/www.comite-costea.fr\/en\/production\/note-de-positionnement-zones-inondables-irriguees\/\">Note de positionnement - Zones inondables irrigu\u00e9es<\/a><\/div><\/div><\/div><\/div><div class=\"fwpl-result r7\"><div class=\"fwpl-row el-g0q59p\"><div class=\"fwpl-col fwpl-col el-xshbgi\"><div class=\"fwpl-item cover\"><a href = \"https:\/\/www.comite-costea.fr\/en\/production\/ar-note-de-positionnement-zones-inondables\/\"><img src = \"https:\/\/www.comite-costea.fr\/wp-content\/uploads\/5-arabe-2.jpg\" \/><\/a><\/div><div class=\"fwpl-item title\"><a href=\"https:\/\/www.comite-costea.fr\/en\/production\/ar-note-de-positionnement-zones-inondables\/\">\u0645\u0630\u0643\u0631\u0627\u062a \u0645\u0648\u0642\u0641 \u0627\u0644\u0644\u062c\u0646\u0629 \u0627\u0644\u0639\u0644\u0645\u064a\u0629 \u0648\u0627\u0644\u062a\u0642\u0646\u064a\u0629 \u0644\u0644\u0645\u064a\u0627\u0647 \u0627\u0644\u0641\u0644\u0627\u062d\u064a\u0629 - Zones inondables<\/a><\/div><\/div><\/div><\/div><\/div>\n<style>\n.fwpl-layout, .fwpl-row {\n    display: grid;\n}\n.fwpl-layout.results productions {\n    grid-template-columns: repeat(4, 1fr);\n    grid-gap: 10px;\n}\n.fwpl-layout.results productions .fwpl-result {\n    background-color: #efefef;\n}\n.fwpl-row.el-g0q59p {\n    grid-template-columns: 1fr;\n}\n<\/style>\n<\/div>\n<div class=\"facetwp-facet facetwp-facet-pagination facetwp-type-pager\" data-name=\"pagination\" data-type=\"pager\"><\/div>\n<\/div><\/section><\/div>\n<div class='flex_column_table av-kk3zniwc-a67544b89a12858e21279f1b1af60edc sc-av_three_fifth av-equal-height-column-flextable'>\n<style type=\"text\/css\" data-created_by=\"avia_inline_auto\" id=\"style-css-av-kk3zniwc-a67544b89a12858e21279f1b1af60edc\">\n.flex_column.av-kk3zniwc-a67544b89a12858e21279f1b1af60edc{\n-webkit-border-radius:0px 0px 0px 0px;\n-moz-border-radius:0px 0px 0px 0px;\nborder-radius:0px 0px 0px 0px;\npadding:0px 0px 0px 0px;\n}\n<\/style>\n<div class='flex_column av-kk3zniwc-a67544b89a12858e21279f1b1af60edc av_three_fifth  avia-builder-el-8  el_after_av_one_full  el_before_av_two_fifth  first flex_column_table_cell av-equal-height-column av-align-middle av-zero-column-padding column-top-margin'     ><p>\n<style type=\"text\/css\" data-created_by=\"avia_inline_auto\" id=\"style-css-av-dgfze-695ff2b490863c530447061a86e30774\">\n#top .av-special-heading.av-dgfze-695ff2b490863c530447061a86e30774{\npadding-bottom:10px;\n}\nbody .av-special-heading.av-dgfze-695ff2b490863c530447061a86e30774 .av-special-heading-tag .heading-char{\nfont-size:25px;\n}\n.av-special-heading.av-dgfze-695ff2b490863c530447061a86e30774 .av-subheading{\nfont-size:15px;\n}\n<\/style>\n<div  class='av-special-heading av-dgfze-695ff2b490863c530447061a86e30774 av-special-heading-h2  avia-builder-el-9  el_before_av_textblock  avia-builder-el-first'><h2 class='av-special-heading-tag'  itemprop=\"headline\"  >Pourquoi les zones inondables dans un contexte de changement global&nbsp;?<\/h2><div class=\"special-heading-border\"><div class=\"special-heading-inner-border\"><\/div><\/div><\/div><br \/>\n<section  class='av_textblock_section av-kjsdf1ev-9a12d6237c464d3d1efb08cb1448b51c'  itemscope=\"itemscope\" itemtype=\"https:\/\/schema.org\/CreativeWork\" ><div class='avia_textblock'  itemprop=\"text\" ><p>Floodplains, including deltas, are among the most densely populated regions of the world. They are also crucial in terms of food security because they are home to highly productive agricultural systems, especially rice production. These agro-ecosystems are also extremely vulnerable to flooding and rising sea levels due to climate change. Having been the subject of major investment in water resource control infrastructures for nearly 150 years, the sustainability of these areas is now being called into question, requiring new approaches to their development and use.<\/p>\n<\/div><\/section><br \/>\n\n<style type=\"text\/css\" data-created_by=\"avia_inline_auto\" id=\"style-css-av-acchm-262ca2249e8b8abc7d4525bff71cb6c7\">\n#top .av-special-heading.av-acchm-262ca2249e8b8abc7d4525bff71cb6c7{\npadding-bottom:10px;\n}\nbody .av-special-heading.av-acchm-262ca2249e8b8abc7d4525bff71cb6c7 .av-special-heading-tag .heading-char{\nfont-size:25px;\n}\n.av-special-heading.av-acchm-262ca2249e8b8abc7d4525bff71cb6c7 .av-subheading{\nfont-size:15px;\n}\n<\/style>\n<div  class='av-special-heading av-acchm-262ca2249e8b8abc7d4525bff71cb6c7 av-special-heading-h2  avia-builder-el-11  el_after_av_textblock  el_before_av_textblock'><h2 class='av-special-heading-tag'  itemprop=\"headline\"  >What do we do?<\/h2><div class=\"special-heading-border\"><div class=\"special-heading-inner-border\"><\/div><\/div><\/div><br \/>\n<section  class='av_textblock_section av-kjsdfou3-d8d609a307816afdfce6e5fa5afd6792'  itemscope=\"itemscope\" itemtype=\"https:\/\/schema.org\/CreativeWork\" ><div class='avia_textblock'  itemprop=\"text\" ><p>In September 2019, we initiated a comparative study of three large floodplains in three countries of the world: the upper Mekong delta in Cambodia, the Daule floodplain in Ecuador and the Gharb irrigated plain in Morocco, which represent the diverse issues faced by floodplains.<\/p>\n<p>In these three socio-ecosystems, we are carrying out studies with national partners that aim to:<\/p>\n<ol>\n<li>Characterise the complex hydrological functioning of these zones;<\/li>\n<li>Identify and assess the multiple services that floodplains provide to people.<\/li>\n<\/ol>\n<p>Three North-South consortia are in charge of conducting these studies:<\/p>\n<ul>\n<li>\u00a0IRD\/ITC\/RUA\/ISC in Cambodia,<\/li>\n<li>AVSF\/ESPOL in Ecuador,<\/li>\n<li>CIRAD\/IAV Hassan in Morocco.<\/li>\n<\/ul>\n<p>We design and conduct participatory activities aiming to renew the territorial planning approaches of these areas. This action is currently being finalised.<\/p>\n<\/div><\/section><\/p><\/div>\n<div class='av-flex-placeholder'><\/div>\n<style type=\"text\/css\" data-created_by=\"avia_inline_auto\" id=\"style-css-av-encqa-404101f3123420d66a5c491dbd3076ec\">\n.flex_column.av-encqa-404101f3123420d66a5c491dbd3076ec{\n-webkit-border-radius:0px 0px 0px 0px;\n-moz-border-radius:0px 0px 0px 0px;\nborder-radius:0px 0px 0px 0px;\npadding:0px 0px 0px 0px;\n}\n<\/style>\n<div class='flex_column av-encqa-404101f3123420d66a5c491dbd3076ec av_two_fifth  avia-builder-el-13  el_after_av_three_fifth  el_before_av_one_full  flex_column_table_cell av-equal-height-column av-align-middle av-zero-column-padding column-top-margin'     >\n<style type=\"text\/css\" data-created_by=\"avia_inline_auto\" id=\"style-css-av-kk3ro2nc-e5aa2bed2e04aa8e0a3d90142558657f\">\n.avia-image-container.av-kk3ro2nc-e5aa2bed2e04aa8e0a3d90142558657f img.avia_image{\nbox-shadow:none;\n}\n.avia-image-container.av-kk3ro2nc-e5aa2bed2e04aa8e0a3d90142558657f .av-image-caption-overlay-center{\ncolor:#ffffff;\n}\n<\/style>\n<div  class='avia-image-container av-kk3ro2nc-e5aa2bed2e04aa8e0a3d90142558657f av-styling-circle avia-align-center  avia-builder-el-14  avia-builder-el-no-sibling'   itemprop=\"image\" itemscope=\"itemscope\" itemtype=\"https:\/\/schema.org\/ImageObject\" ><div class=\"avia-image-container-inner\"><div class=\"avia-image-overlay-wrap\"><img decoding=\"async\" class='wp-image-485 avia-img-lazy-loading-not-485 avia_image' src=\"https:\/\/www.comite-costea.fr\/wp-content\/uploads\/AS-Zones-Inondables-4-e1611060321360-1030x1030.jpg\" alt='' title='AS Zones Inondables (4)'  height=\"1030\" width=\"1030\"  itemprop=\"thumbnailUrl\" srcset=\"https:\/\/www.comite-costea.fr\/wp-content\/uploads\/AS-Zones-Inondables-4-e1611060321360-1030x1030.jpg 1030w, https:\/\/www.comite-costea.fr\/wp-content\/uploads\/AS-Zones-Inondables-4-e1611060321360-150x150.jpg 150w, https:\/\/www.comite-costea.fr\/wp-content\/uploads\/AS-Zones-Inondables-4-e1611060321360-300x300.jpg 300w, https:\/\/www.comite-costea.fr\/wp-content\/uploads\/AS-Zones-Inondables-4-e1611060321360-768x768.jpg 768w, https:\/\/www.comite-costea.fr\/wp-content\/uploads\/AS-Zones-Inondables-4-e1611060321360-36x36.jpg 36w, https:\/\/www.comite-costea.fr\/wp-content\/uploads\/AS-Zones-Inondables-4-e1611060321360-180x180.jpg 180w, https:\/\/www.comite-costea.fr\/wp-content\/uploads\/AS-Zones-Inondables-4-e1611060321360-705x705.jpg 705w, https:\/\/www.comite-costea.fr\/wp-content\/uploads\/AS-Zones-Inondables-4-e1611060321360.jpg 1355w\" sizes=\"(max-width: 1030px) 100vw, 1030px\" \/><\/div><\/div><\/div><\/div><\/div>\n<!--close column table wrapper. Autoclose: 1 -->\n\n<style type=\"text\/css\" data-created_by=\"avia_inline_auto\" id=\"style-css-av-kjsjri67-07d68d72f23c4f113a6c1930e9d370d0\">\n#top .flex_column.av-kjsjri67-07d68d72f23c4f113a6c1930e9d370d0{\nmargin-top:50px;\nmargin-bottom:0px;\n}\n.flex_column.av-kjsjri67-07d68d72f23c4f113a6c1930e9d370d0{\n-webkit-border-radius:0px 0px 0px 0px;\n-moz-border-radius:0px 0px 0px 0px;\nborder-radius:0px 0px 0px 0px;\npadding:0px 0px 0px 0px;\n}\n.responsive #top #wrap_all .flex_column.av-kjsjri67-07d68d72f23c4f113a6c1930e9d370d0{\nmargin-top:50px;\nmargin-bottom:0px;\n}\n<\/style>\n<div class='flex_column av-kjsjri67-07d68d72f23c4f113a6c1930e9d370d0 av_one_full  avia-builder-el-15  el_after_av_two_fifth  avia-builder-el-last  read-more first flex_column_div av-zero-column-padding'     ><p>\n<style type=\"text\/css\" data-created_by=\"avia_inline_auto\" id=\"style-css-av-bctre-96f3d62f54633dbca6b17c361d4d1f8f\">\n#top .av-special-heading.av-bctre-96f3d62f54633dbca6b17c361d4d1f8f{\npadding-bottom:10px;\n}\nbody .av-special-heading.av-bctre-96f3d62f54633dbca6b17c361d4d1f8f .av-special-heading-tag .heading-char{\nfont-size:25px;\n}\n.av-special-heading.av-bctre-96f3d62f54633dbca6b17c361d4d1f8f .av-subheading{\nfont-size:15px;\n}\n<\/style>\n<div  class='av-special-heading av-bctre-96f3d62f54633dbca6b17c361d4d1f8f av-special-heading-h2  avia-builder-el-16  el_before_av_textblock  avia-builder-el-first'><h2 class='av-special-heading-tag'  itemprop=\"headline\"  >FURTHER READING<\/h2><div class=\"special-heading-border\"><div class=\"special-heading-inner-border\"><\/div><\/div><\/div><br \/>\n<section  class='av_textblock_section av-kjsdge3i-659b451557a41ac8b4fef5296529d867'  itemscope=\"itemscope\" itemtype=\"https:\/\/schema.org\/CreativeWork\" ><div class='avia_textblock'  itemprop=\"text\" ><p>The preparatory document:<\/p>\n<ul>\n<li><a href=\"http:\/\/www.comite-costea.fr\/wp-content\/uploads\/AS-Zones-Inondables-NdC-.pdf\" target=\"_blank\" rel=\"noopener\">Framework Paper (in French)<\/a><\/li>\n<\/ul>\n<p>The issue notes for the Cambodia, Ecuador and Morocco projects:<\/p>\n<ul>\n<li><a href=\"https:\/\/www.comite-costea.fr\/wp-content\/uploads\/Note-enjeux-Cambodge-10-06-2021.pdf\" target=\"_blank\" rel=\"noopener\">Understanding the cambodian upper Mekong delta: towards new approaches for floodplain governance (in English)<\/a><\/li>\n<li><a href=\"https:\/\/www.comite-costea.fr\/wp-content\/uploads\/Note-Enjeu_Bassin-de-la-DAULE-EQUATEUR.pdf\" target=\"_blank\" rel=\"noopener\">The issues of the floodplain of the Daule river sub-basin (in French)<\/a><\/li>\n<li><a href=\"https:\/\/www.comite-costea.fr\/wp-content\/uploads\/Note-enjeu-Maroc-11-06-2021.pdf\" target=\"_blank\" rel=\"noopener\">The challenges of the Gharb flood plain in Morocco (in French)<\/a><\/li>\n<li><a href=\"https:\/\/www.comite-costea.fr\/wp-content\/uploads\/Presentacion-Tesis-Costea-Claudia-Loyola.pdf\" target=\"_blank\" rel=\"noopener\">Caracterizacion de las practicas agricolas para la produccion de arroz en zonas inundables naturales e intervenidas de la subcuenca del rio Daule<\/a><\/li>\n<li><a href=\"https:\/\/www.comite-costea.fr\/wp-content\/uploads\/Informe-sintetico-Caracterizacion-Practicas-Agricolas-VF-Frances-1.pdf\" target=\"_blank\" rel=\"noopener\">Rapport de synth\u00e8se &#8211; Caract\u00e9risation des pratiques agricoles &#8211; Rivi\u00e8re Daule<\/a><\/li>\n<li><a href=\"https:\/\/www.comite-costea.fr\/wp-content\/uploads\/Informe-sintetico-Caracterizacion-Practicas-Agricolas.pdf\">Informe sint\u00e9tico &#8211; Caracterizaci\u00f3n Pr\u00e1cticas Agr\u00edcolas &#8211; rio Daule<\/a><\/li>\n<li><a href=\"https:\/\/www.comite-costea.fr\/wp-content\/uploads\/Informe-sintetico-Erosion-e-Hidrogramas-VF-Frances-1.pdf\" target=\"_blank\" rel=\"noopener\">Rapport de synth\u00e8se &#8211; &lsquo;Erosion hydryque sous-bassin de la rivi\u00e8re Daule<\/a><\/li>\n<li><a href=\"https:\/\/www.comite-costea.fr\/wp-content\/uploads\/Informe-sintetico-1.pdf\">Informe sint\u00e9tico &#8211; Erosi\u00f3n h\u00eddrica e hidrogramas subcuenca del rio Daule<\/a><\/li>\n<li><a href=\"https:\/\/www.comite-costea.fr\/wp-content\/uploads\/Presentacion-Modelo-Espacializado.pdf\" target=\"_blank\" rel=\"noopener\">Presentaci\u00f3n &#8211; Modelo Espacializado<\/a><\/li>\n<li><a href=\"https:\/\/www.comite-costea.fr\/wp-content\/uploads\/Informe-final-AVSF-Boris-Apolo-VF.pdf\" target=\"_blank\" rel=\"noopener\">Informe final &#8211; Gestion de las planicies inundables<\/a><\/li>\n<li><a href=\"https:\/\/www.comite-costea.fr\/wp-content\/uploads\/Informe-sintetico-Modelo-Espacializado-VF-Frances.pdf\" target=\"_blank\" rel=\"noopener\">Rapport de synth\u00e8se &#8211; Mod\u00e8le spacialis\u00e9<\/a><\/li>\n<li><a href=\"https:\/\/www.comite-costea.fr\/wp-content\/uploads\/Informe-sintetico-Modelo-Espacializado.pdf\" target=\"_blank\" rel=\"noopener\">Informe sint\u00e9tico &#8211; Modelo Espacializado<\/a><\/li>\n<li><a href=\"https:\/\/www.comite-costea.fr\/wp-content\/uploads\/INFORME-FINAL_LADY_ESPOL_VF.pdf\" target=\"_blank\" rel=\"noopener\">Informe final &#8211; Espol Gestion de las planicies inundables contexto cambio global<\/a><\/li>\n<li><a href=\"https:\/\/www.comite-costea.fr\/wp-content\/uploads\/Informe-Sintetico-Modelo-Conceptual-Rio-Acuifero.pdf\" target=\"_blank\" rel=\"noopener\">Informe Sint\u00e9tico Modelo Conceptual Rio Acuifero<\/a><\/li>\n<li><a href=\"https:\/\/www.comite-costea.fr\/wp-content\/uploads\/Presentacion-Estudio-Modelo-Conceptual-1.pdf\" target=\"_blank\" rel=\"noopener\">Presentaci\u00f3n Estudio Modelo Conceptual<\/a><\/li>\n<li><a href=\"https:\/\/www.comite-costea.fr\/wp-content\/uploads\/Informe-sintetico-Evaluacion-Practicas-Erosivas-VF-Frances.pdf\" target=\"_blank\" rel=\"noopener\">Etude &#8211; Evaluation des pratiques agricoles \u00ab\u00a0\u00e9rosives\u00a0\u00bb &#8211; Rivi\u00e8re Daule<\/a><\/li>\n<li><a href=\"https:\/\/www.comite-costea.fr\/wp-content\/uploads\/Informe-sintetico-Evaluacion-Practicas-Erosivas.pdf\" target=\"_blank\" rel=\"noopener\">Informe sint\u00e9tico Evaluaci\u00f3n Practicas Erosivas -rio Daule<\/a><\/li>\n<li><a href=\"https:\/\/www.comite-costea.fr\/wp-content\/uploads\/Exposicion_Maestria_DanielLemus_202206031.pdf\" target=\"_blank\" rel=\"noopener\">Exposici\u00f3n Maestr\u00eda Rio Daule<\/a><\/li>\n<li><a href=\"https:\/\/www.comite-costea.fr\/wp-content\/uploads\/Informe-sintetico-servicios-y-funciones-zonas-inundables-VF-frances.pdf\" target=\"_blank\" rel=\"noopener\">Rapport synth\u00e8se &#8211; Ecosyst\u00e8mes zones inondables<\/a><\/li>\n<li><a href=\"https:\/\/www.comite-costea.fr\/wp-content\/uploads\/Informe-sintetico-servicios-y-funciones-zonas-inundables.pdf\" target=\"_blank\" rel=\"noopener\">Informe sint\u00e9tico servicios y funciones zonas inundables<\/a><\/li>\n<\/ul>\n<p>You can consult the United Nations World Water Development Report 2018: <a href=\"https:\/\/www.comite-costea.fr\/wp-content\/uploads\/Rapport-mondial-ONU-sur-lamise-en-valeur-des-ressources-en-eau-2018.pdf\" target=\"_blank\" rel=\"noopener\">Nature-based solutions for water<\/a><\/p>\n<\/div><\/section><\/p><\/div>","protected":false},"excerpt":{"rendered":"","protected":false},"author":1,"featured_media":0,"parent":6,"menu_order":14,"comment_status":"closed","ping_status":"closed","template":"","meta":{"footnotes":""},"acf":[],"_links":{"self":[{"href":"https:\/\/www.comite-costea.fr\/en\/wp-json\/wp\/v2\/pages\/218"}],"collection":[{"href":"https:\/\/www.comite-costea.fr\/en\/wp-json\/wp\/v2\/pages"}],"about":[{"href":"https:\/\/www.comite-costea.fr\/en\/wp-json\/wp\/v2\/types\/page"}],"author":[{"embeddable":true,"href":"https:\/\/www.comite-costea.fr\/en\/wp-json\/wp\/v2\/users\/1"}],"replies":[{"embeddable":true,"href":"https:\/\/www.comite-costea.fr\/en\/wp-json\/wp\/v2\/comments?post=218"}],"version-history":[{"count":38,"href":"https:\/\/www.comite-costea.fr\/en\/wp-json\/wp\/v2\/pages\/218\/revisions"}],"predecessor-version":[{"id":7649,"href":"https:\/\/www.comite-costea.fr\/en\/wp-json\/wp\/v2\/pages\/218\/revisions\/7649"}],"up":[{"embeddable":true,"href":"https:\/\/www.comite-costea.fr\/en\/wp-json\/wp\/v2\/pages\/6"}],"wp:attachment":[{"href":"https:\/\/www.comite-costea.fr\/en\/wp-json\/wp\/v2\/media?parent=218"}],"curies":[{"name":"wp","href":"https:\/\/api.w.org\/{rel}","templated":true}]}}