{"id":2475,"date":"2022-03-15T17:53:51","date_gmt":"2022-03-15T16:53:51","guid":{"rendered":"https:\/\/www.comite-costea.fr\/?page_id=2475"},"modified":"2023-02-14T11:07:29","modified_gmt":"2023-02-14T10:07:29","slug":"le-costea-en-3-minutes","status":"publish","type":"page","link":"https:\/\/www.comite-costea.fr\/en\/le-costea\/le-costea-en-3-minutes\/","title":{"rendered":"COSTEA in 3 minutes"},"content":{"rendered":"<p>A three-minute educational and entertaining video to present COSTEA, the Scientific and Technical Committee for Agricultural Water, the challenges and issues it faces, the objectives it has set itself, its main areas of intervention and its wide range of actors.<\/p>\n<p><div class='avia-iframe-wrap'><iframe loading=\"lazy\" title=\"Comment le COSTEA r\u00e9pond-il aux enjeux actuels de l&#039;agriculture irrigu\u00e9e&nbsp;?\" width=\"1500\" height=\"844\" src=\"https:\/\/www.youtube.com\/embed\/TynTxTUtMAM?feature=oembed\" frameborder=\"0\" allow=\"accelerometer; autoplay; clipboard-write; encrypted-media; gyroscope; picture-in-picture; web-share\" allowfullscreen><\/iframe><\/div><\/p>","protected":false},"excerpt":{"rendered":"<p>Le COSTEA en image&nbsp;: 3 min de vid\u00e9o p\u00e9dagogique et ludique pour pr\u00e9senter le Comit\u00e9 Scientifique et Technique pour l\u2019Eau Agricole.<\/p>","protected":false},"author":1,"featured_media":0,"parent":4,"menu_order":3,"comment_status":"closed","ping_status":"closed","template":"","meta":{"footnotes":""},"acf":[],"_links":{"self":[{"href":"https:\/\/www.comite-costea.fr\/en\/wp-json\/wp\/v2\/pages\/2475"}],"collection":[{"href":"https:\/\/www.comite-costea.fr\/en\/wp-json\/wp\/v2\/pages"}],"about":[{"href":"https:\/\/www.comite-costea.fr\/en\/wp-json\/wp\/v2\/types\/page"}],"author":[{"embeddable":true,"href":"https:\/\/www.comite-costea.fr\/en\/wp-json\/wp\/v2\/users\/1"}],"replies":[{"embeddable":true,"href":"https:\/\/www.comite-costea.fr\/en\/wp-json\/wp\/v2\/comments?post=2475"}],"version-history":[{"count":7,"href":"https:\/\/www.comite-costea.fr\/en\/wp-json\/wp\/v2\/pages\/2475\/revisions"}],"predecessor-version":[{"id":6876,"href":"https:\/\/www.comite-costea.fr\/en\/wp-json\/wp\/v2\/pages\/2475\/revisions\/6876"}],"up":[{"embeddable":true,"href":"https:\/\/www.comite-costea.fr\/en\/wp-json\/wp\/v2\/pages\/4"}],"wp:attachment":[{"href":"https:\/\/www.comite-costea.fr\/en\/wp-json\/wp\/v2\/media?parent=2475"}],"curies":[{"name":"wp","href":"https:\/\/api.w.org\/{rel}","templated":true}]}}