{"id":58,"date":"2020-10-14T15:44:12","date_gmt":"2020-10-14T13:44:12","guid":{"rendered":"http:\/\/www.comite-costea.fr\/?page_id=58"},"modified":"2023-03-01T10:07:19","modified_gmt":"2023-03-01T09:07:19","slug":"actualites","status":"publish","type":"page","link":"https:\/\/www.comite-costea.fr\/en\/actualites\/","title":{"rendered":"News"},"content":{"rendered":"<style type=\"text\/css\" data-created_by=\"avia_inline_auto\" id=\"style-css-av-1l95m-d80b82cfc0172fa6814b2ea6d72856a4\">\n.flex_column.av-1l95m-d80b82cfc0172fa6814b2ea6d72856a4{\n-webkit-border-radius:0px 0px 0px 0px;\n-moz-border-radius:0px 0px 0px 0px;\nborder-radius:0px 0px 0px 0px;\npadding:20px 20px 20px 20px;\nbackground-color:#f1ebeb;\n}\n<\/style>\n<div class='flex_column av-1l95m-d80b82cfc0172fa6814b2ea6d72856a4 av_one_full  avia-builder-el-0  el_before_av_one_full  avia-builder-el-first  first flex_column_div'     >\n<style type=\"text\/css\" data-created_by=\"avia_inline_auto\" id=\"style-css-av-xxne-b4c8b748df669bfb6d43192c5ff879ee\">\n#top .av_textblock_section.av-xxne-b4c8b748df669bfb6d43192c5ff879ee .avia_textblock{\nfont-size:14px;\n}\n<\/style>\n<section  class='av_textblock_section av-xxne-b4c8b748df669bfb6d43192c5ff879ee'  itemscope=\"itemscope\" itemtype=\"https:\/\/schema.org\/CreativeWork\" ><div class='avia_textblock'  itemprop=\"text\" ><p>This section aims to highlight all the news related to the different themes addressed in our action. It provides information on the events organised by the COSTEA network to give feedback on our work and our participation in international events.<\/p>\n<\/div><\/section><\/div>\n<style type=\"text\/css\" data-created_by=\"avia_inline_auto\" id=\"style-css-av-2d6y-4fcc9955a37f7eb3946e357258612833\">\n.flex_column.av-2d6y-4fcc9955a37f7eb3946e357258612833{\n-webkit-border-radius:0px 0px 0px 0px;\n-moz-border-radius:0px 0px 0px 0px;\nborder-radius:0px 0px 0px 0px;\npadding:0px 0px 0px 0px;\n}\n<\/style>\n<div class='flex_column av-2d6y-4fcc9955a37f7eb3946e357258612833 av_one_full  avia-builder-el-2  el_after_av_one_full  avia-builder-el-last  results-container first flex_column_div av-zero-column-padding column-top-margin'     ><section  class='av_textblock_section av-khwh1q7k-c97bb30dcaa6ce394b06559edf31e890'  itemscope=\"itemscope\" itemtype=\"https:\/\/schema.org\/CreativeWork\" ><div class='avia_textblock'  itemprop=\"text\" ><div class=\"facetwp-facet facetwp-facet-pagination facetwp-type-pager\" data-name=\"pagination\" data-type=\"pager\"><\/div>\n<div class=\"facetwp-template\" data-name=\"actualites\"><div class=\"fwpl-layout results news\"><div class=\"fwpl-result r1\"><div class=\"fwpl-row el-drftjq\"><div class=\"fwpl-col fwpl-col el-8rdp6k\"><div class=\"fwpl-item image\"><a href = \"https:\/\/www.comite-costea.fr\/en\/actualite\/senegal-une-dynamique-partenariale-pour-reinventer-lirrigation\/\"><img src = \"https:\/\/www.comite-costea.fr\/wp-content\/uploads\/DIEYE-BAME-10-scaled_750x420_acf_cropped.jpeg\" \/><\/a><\/div><div class=\"fwpl-item title\"><a href=\"https:\/\/www.comite-costea.fr\/en\/actualite\/senegal-une-dynamique-partenariale-pour-reinventer-lirrigation\/\">Au S\u00e9n\u00e9gal, une dynamique partenariale pour r\u00e9inventer l\u2019irrigation<\/a><\/div><\/div><\/div><\/div><div class=\"fwpl-result r2\"><div class=\"fwpl-row el-drftjq\"><div class=\"fwpl-col fwpl-col el-8rdp6k\"><div class=\"fwpl-item image\"><a href = \"https:\/\/www.comite-costea.fr\/en\/actualite\/costea-think-tank-au-senegal-une-irrigation-agroecologique-reinventee-avec-les-territoires\/\"><img src = \"https:\/\/www.comite-costea.fr\/wp-content\/uploads\/Photo-de-Marjorie-SAINCELAIRE.jpg\" \/><\/a><\/div><div class=\"fwpl-item title\"><a href=\"https:\/\/www.comite-costea.fr\/en\/actualite\/costea-think-tank-au-senegal-une-irrigation-agroecologique-reinventee-avec-les-territoires\/\">Think tank COSTEA&nbsp;: une irrigation agro\u00e9cologique r\u00e9invent\u00e9e avec les territoires<\/a><\/div><\/div><\/div><\/div><div class=\"fwpl-result r3\"><div class=\"fwpl-row el-drftjq\"><div class=\"fwpl-col fwpl-col el-8rdp6k\"><div class=\"fwpl-item image\"><a href = \"https:\/\/www.comite-costea.fr\/en\/actualite\/reuse-euromed-2024\/\"><img src = \"https:\/\/www.comite-costea.fr\/wp-content\/uploads\/euromed.jpg\" \/><\/a><\/div><div class=\"fwpl-item title\"><a href=\"https:\/\/www.comite-costea.fr\/en\/actualite\/reuse-euromed-2024\/\">REUSE EUROMED 2024<\/a><\/div><\/div><\/div><\/div><div class=\"fwpl-result r4\"><div class=\"fwpl-row el-drftjq\"><div class=\"fwpl-col fwpl-col el-8rdp6k\"><div class=\"fwpl-item image\"><a href = \"https:\/\/www.comite-costea.fr\/en\/actualite\/charte-des-membres-du-costea\/\"><img src = \"https:\/\/www.comite-costea.fr\/wp-content\/uploads\/Image-Charte.jpg\" \/><\/a><\/div><div class=\"fwpl-item title\"><a href=\"https:\/\/www.comite-costea.fr\/en\/actualite\/charte-des-membres-du-costea\/\">Charte des membres du COSTEA<\/a><\/div><\/div><\/div><\/div><div class=\"fwpl-result r5\"><div class=\"fwpl-row el-drftjq\"><div class=\"fwpl-col fwpl-col el-8rdp6k\"><div class=\"fwpl-item image\"><a href = \"https:\/\/www.comite-costea.fr\/en\/actualite\/costea3\/\"><img src = \"https:\/\/www.comite-costea.fr\/wp-content\/uploads\/COSTEA3-2.jpg\" \/><\/a><\/div><div class=\"fwpl-item title\"><a href=\"https:\/\/www.comite-costea.fr\/en\/actualite\/costea3\/\">COSTEA3<\/a><\/div><\/div><\/div><\/div><div class=\"fwpl-result r6\"><div class=\"fwpl-row el-drftjq\"><div class=\"fwpl-col fwpl-col el-8rdp6k\"><div class=\"fwpl-item image\"><a href = \"https:\/\/www.comite-costea.fr\/en\/actualite\/notes-de-positionnement-costea-relecture-jusquau-2-mai-2023\/\"><img src = \"https:\/\/www.comite-costea.fr\/wp-content\/uploads\/Relecture-Notes-Positionnement-1.jpg\" \/><\/a><\/div><div class=\"fwpl-item title\"><a href=\"https:\/\/www.comite-costea.fr\/en\/actualite\/notes-de-positionnement-costea-relecture-jusquau-2-mai-2023\/\">Notes de positionnement COSTEA<\/a><\/div><\/div><\/div><\/div><\/div>\n<style>\n.fwpl-layout, .fwpl-row {\n    display: grid;\n}\n.fwpl-layout.results news {\n    grid-template-columns: repeat(3, 1fr);\n    grid-gap: 30px;\n}\n.fwpl-row.el-drftjq {\n    grid-template-columns: 1fr;\n}\n<\/style>\n<\/div>\n<div class=\"facetwp-facet facetwp-facet-pagination facetwp-type-pager\" data-name=\"pagination\" data-type=\"pager\"><\/div>\n<\/div><\/section><\/div><\/p>","protected":false},"excerpt":{"rendered":"","protected":false},"author":1,"featured_media":0,"parent":0,"menu_order":29,"comment_status":"closed","ping_status":"closed","template":"","meta":{"footnotes":""},"acf":[],"_links":{"self":[{"href":"https:\/\/www.comite-costea.fr\/en\/wp-json\/wp\/v2\/pages\/58"}],"collection":[{"href":"https:\/\/www.comite-costea.fr\/en\/wp-json\/wp\/v2\/pages"}],"about":[{"href":"https:\/\/www.comite-costea.fr\/en\/wp-json\/wp\/v2\/types\/page"}],"author":[{"embeddable":true,"href":"https:\/\/www.comite-costea.fr\/en\/wp-json\/wp\/v2\/users\/1"}],"replies":[{"embeddable":true,"href":"https:\/\/www.comite-costea.fr\/en\/wp-json\/wp\/v2\/comments?post=58"}],"version-history":[{"count":8,"href":"https:\/\/www.comite-costea.fr\/en\/wp-json\/wp\/v2\/pages\/58\/revisions"}],"predecessor-version":[{"id":7054,"href":"https:\/\/www.comite-costea.fr\/en\/wp-json\/wp\/v2\/pages\/58\/revisions\/7054"}],"wp:attachment":[{"href":"https:\/\/www.comite-costea.fr\/en\/wp-json\/wp\/v2\/media?parent=58"}],"curies":[{"name":"wp","href":"https:\/\/api.w.org\/{rel}","templated":true}]}}