{"id":6478,"date":"2023-01-25T11:25:16","date_gmt":"2023-01-25T10:25:16","guid":{"rendered":"https:\/\/www.comite-costea.fr\/?page_id=6478"},"modified":"2023-03-10T12:31:31","modified_gmt":"2023-03-10T11:31:31","slug":"comite-de-pilotage","status":"publish","type":"page","link":"https:\/\/www.comite-costea.fr\/en\/le-costea\/notre-communaute\/comite-de-pilotage\/","title":{"rendered":"Steering Committee"},"content":{"rendered":"<style type=\"text\/css\" data-created_by=\"avia_inline_auto\" id=\"style-css-av-61z5a6-ad9479054127d8d4f403cb7659e97b9d\">\n#top .av-special-heading.av-61z5a6-ad9479054127d8d4f403cb7659e97b9d{\nmargin:30px 0 0 0;\npadding-bottom:10px;\n}\nbody .av-special-heading.av-61z5a6-ad9479054127d8d4f403cb7659e97b9d .av-special-heading-tag .heading-char{\nfont-size:25px;\n}\n.av-special-heading.av-61z5a6-ad9479054127d8d4f403cb7659e97b9d .av-subheading{\nfont-size:15px;\n}\n<\/style>\n<div  class='av-special-heading av-61z5a6-ad9479054127d8d4f403cb7659e97b9d av-special-heading-h2  avia-builder-el-0  el_before_av_one_full  avia-builder-el-first'><h2 class='av-special-heading-tag'  itemprop=\"headline\"  >Our Steering Committee<\/h2><div class=\"special-heading-border\"><div class=\"special-heading-inner-border\"><\/div><\/div><\/div>\n\n<style type=\"text\/css\" data-created_by=\"avia_inline_auto\" id=\"style-css-av-3uof7y-621ca5c51b0b9608e366747f5c52cc92\">\n.flex_column.av-3uof7y-621ca5c51b0b9608e366747f5c52cc92{\n-webkit-border-radius:0px 0px 0px 0px;\n-moz-border-radius:0px 0px 0px 0px;\nborder-radius:0px 0px 0px 0px;\npadding:0px 0px 0px 0px;\n}\n<\/style>\n<div class='flex_column av-3uof7y-621ca5c51b0b9608e366747f5c52cc92 av_one_full  avia-builder-el-1  el_after_av_heading  avia-builder-el-last  first flex_column_div av-zero-column-padding'     ><section  class='av_textblock_section av-br0ri-b8cd90b7d909403b94b1a811fb01ccac'  itemscope=\"itemscope\" itemtype=\"https:\/\/schema.org\/CreativeWork\" ><div class='avia_textblock'  itemprop=\"text\" ><p>C\u2019est l&rsquo;instance de gouvernance du COSTEA. Il en fixe les orientations strat\u00e9giques, valide les objectifs et l&rsquo;objet de nos activit\u00e9s. Il valide le budget annuel que lui propose le STP, qui lui rend compte de son ex\u00e9cution. Il regroupe des personnalit\u00e9s repr\u00e9sentant la diversit\u00e9 des acteurs du COSTEA.<\/p>\n<p>The President of our Steering Committee is Ali Bety, High Commissioner for the 3N Initiative in Niger. Its members come from Burkina Faso, Cambodia, Chad, France, Mali, Mauritania, Morocco, Niger, Palestine, Senegal and Tunisia.<\/p>\n<p>T\u00e9l\u00e9chargez la liste des <a href=\"https:\/\/www.comite-costea.fr\/wp-content\/uploads\/copil.pdf\" target=\"_blank\" rel=\"noopener\">membres du COPIL<\/a>.<\/p>\n<\/div><\/section><\/div>","protected":false},"excerpt":{"rendered":"","protected":false},"author":1,"featured_media":0,"parent":190,"menu_order":0,"comment_status":"closed","ping_status":"closed","template":"","meta":{"footnotes":""},"acf":[],"_links":{"self":[{"href":"https:\/\/www.comite-costea.fr\/en\/wp-json\/wp\/v2\/pages\/6478"}],"collection":[{"href":"https:\/\/www.comite-costea.fr\/en\/wp-json\/wp\/v2\/pages"}],"about":[{"href":"https:\/\/www.comite-costea.fr\/en\/wp-json\/wp\/v2\/types\/page"}],"author":[{"embeddable":true,"href":"https:\/\/www.comite-costea.fr\/en\/wp-json\/wp\/v2\/users\/1"}],"replies":[{"embeddable":true,"href":"https:\/\/www.comite-costea.fr\/en\/wp-json\/wp\/v2\/comments?post=6478"}],"version-history":[{"count":6,"href":"https:\/\/www.comite-costea.fr\/en\/wp-json\/wp\/v2\/pages\/6478\/revisions"}],"predecessor-version":[{"id":7426,"href":"https:\/\/www.comite-costea.fr\/en\/wp-json\/wp\/v2\/pages\/6478\/revisions\/7426"}],"up":[{"embeddable":true,"href":"https:\/\/www.comite-costea.fr\/en\/wp-json\/wp\/v2\/pages\/190"}],"wp:attachment":[{"href":"https:\/\/www.comite-costea.fr\/en\/wp-json\/wp\/v2\/media?parent=6478"}],"curies":[{"name":"wp","href":"https:\/\/api.w.org\/{rel}","templated":true}]}}