{"id":8,"date":"2020-10-14T10:52:44","date_gmt":"2020-10-14T08:52:44","guid":{"rendered":"http:\/\/cos-mwm\/?page_id=8"},"modified":"2023-02-27T11:01:14","modified_gmt":"2023-02-27T10:01:14","slug":"reseau","status":"publish","type":"page","link":"https:\/\/www.comite-costea.fr\/en\/reseau\/","title":{"rendered":"R\u00e9seau"},"content":{"rendered":"<style type=\"text\/css\" data-created_by=\"avia_inline_auto\" id=\"style-css-av-av_heading-8941f6cbeb211470256f58f245f86de5\">\n#top .av-special-heading.av-av_heading-8941f6cbeb211470256f58f245f86de5{\npadding-bottom:10px;\ncolor:#1d71b8;\n}\nbody .av-special-heading.av-av_heading-8941f6cbeb211470256f58f245f86de5 .av-special-heading-tag .heading-char{\nfont-size:25px;\n}\n.av-special-heading.av-av_heading-8941f6cbeb211470256f58f245f86de5 .special-heading-inner-border{\nborder-color:#1d71b8;\n}\n.av-special-heading.av-av_heading-8941f6cbeb211470256f58f245f86de5 .av-subheading{\nfont-size:15px;\n}\n<\/style>\n<div  class='av-special-heading av-av_heading-8941f6cbeb211470256f58f245f86de5 av-special-heading-h1 custom-color-heading  avia-builder-el-0  el_before_av_one_full  avia-builder-el-first'><h1 class='av-special-heading-tag'  itemprop=\"headline\"  >Our presence abroad<\/h1><div class=\"special-heading-border\"><div class=\"special-heading-inner-border\"><\/div><\/div><\/div>\n\n<style type=\"text\/css\" data-created_by=\"avia_inline_auto\" id=\"style-css-av-av_one_full-a4d1480853b31258b96b61620d3671bd\">\n.flex_column.av-av_one_full-a4d1480853b31258b96b61620d3671bd{\n-webkit-border-radius:0px 0px 0px 0px;\n-moz-border-radius:0px 0px 0px 0px;\nborder-radius:0px 0px 0px 0px;\npadding:40px 0px 0px 0px;\n}\n<\/style>\n<div class='flex_column av-av_one_full-a4d1480853b31258b96b61620d3671bd av_one_full  avia-builder-el-1  el_after_av_heading  avia-builder-el-last  first flex_column_div'     >\n<style type=\"text\/css\" data-created_by=\"avia_inline_auto\" id=\"style-css-av-av_timeline-90d8fd713ef0ff8169c06bfb13974bd4\">\n.avia-timeline-container.av-av_timeline-90d8fd713ef0ff8169c06bfb13974bd4 .av-milestone-icon-inner{\nbackground-color:#93c54b;\ncolor:#ffffff;\n}\n.avia-timeline-container.av-av_timeline-90d8fd713ef0ff8169c06bfb13974bd4 .av-milestone-indicator{\nbackground-color:#93c54b;\n}\n.avia-timeline-container.av-av_timeline-90d8fd713ef0ff8169c06bfb13974bd4 .av-milestone-article-footer{\nbackground-color:#93c54b;\n}\n<\/style>\n<div  id=\"avia-timeline-1\"  class='avia-timeline-container av-av_timeline-90d8fd713ef0ff8169c06bfb13974bd4 av-slideshow-ui  avia-builder-el-2  avia-builder-el-no-sibling  avia-slideshow-carousel' avia-data-slides='3'><ul class='avia-timeline avia-timeline-horizontal av-milestone-placement-top avia-timeline-boxshadow avia_animate_when_almost_visible avia-timeline-animate'>\n<li  class='av-milestone av-av_timeline_item-5f8caa26c0a19f6c1ab1c7956a162e08 av-animated-generic fade-in av-milestone-odd'><h2 class='av-milestone-date' id='milestone-2020'><strong>2020<span class='av-milestone-indicator'><\/span><\/strong><\/h2><div class=\"av-milestone-icon-wrap\"><span class='av-milestone-icon milestone_icon avia-font-entypo-fontello'><span class='av-milestone-icon-inner milestone_inner'><i class='milestone-char' aria-hidden='true' data-av_icon='\ue8b1' data-av_iconfont='entypo-fontello'><\/i><\/span><\/span><\/div><article class='av-milestone-content-wrap'><div class='av-milestone-contentbox'><header class=\"entry-content-header\"><h4 class='av-milestone-title'>Paris International Agricultural Show<\/h4><\/header><div class='av-milestone-content'><p>Our collective work '<em>Quelles agricultures irrigu\u00e9es demain\u00a0? R\u00e9pondre aux enjeux de s\u00e9curit\u00e9 alimentaire et du d\u00e9veloppement durable<\/em>' (Which types of agriculture will be irrigated tomorrow? Meeting the challenges of food security and sustainable development) was published in March 2020 by Editions QUAE.<br \/>\nIt was presented to Bertrand Walckenaer, Deputy Director-General of AFD, at AFEID's stand at the 2020 edition of the Paris International Agricultural Show.<\/p>\n<\/div><\/div><footer class='av-milestone-article-footer entry-footer'><\/footer><\/article><\/li>\n<li  class='av-milestone av-av_timeline_item-6913c5de5b250cc9cbb8c4094aa4b03d av-animated-generic fade-in av-milestone-even'><h2 class='av-milestone-date' id='milestone-2022'><strong>2022<span class='av-milestone-indicator'><\/span><\/strong><\/h2><div class=\"av-milestone-icon-wrap\"><span class='av-milestone-icon milestone_icon avia-font-entypo-fontello'><span class='av-milestone-icon-inner milestone_inner'><i class='milestone-char' aria-hidden='true' data-av_icon='\ue8b1' data-av_iconfont='entypo-fontello'><\/i><\/span><\/span><\/div><article class='av-milestone-content-wrap'><div class='av-milestone-contentbox'><header class=\"entry-content-header\"><h4 class='av-milestone-title'>World Water Forum - Dakar<\/h4><\/header><div class='av-milestone-content'><p>We plan to hold a stand at the next World Water Forum, initially planned for 2021, in association with the network of West African Irrigation Development and Management Agencies (WAIDMA). This will be an opportunity to present our activities, our publications and to make ourselves better known to water stakeholders.<\/p>\n<\/div><\/div><footer class='av-milestone-article-footer entry-footer'><\/footer><\/article><\/li>\n<li  class='av-milestone av-av_timeline_item-29cefc0c69f965c4e23accb2ef571453 av-animated-generic fade-in av-milestone-odd'><h2 class='av-milestone-date' id='milestone-2022'><strong>2022<span class='av-milestone-indicator'><\/span><\/strong><\/h2><div class=\"av-milestone-icon-wrap\"><span class='av-milestone-icon milestone_icon avia-font-entypo-fontello'><span class='av-milestone-icon-inner milestone_inner'><i class='milestone-char' aria-hidden='true' data-av_icon='\ue800' data-av_iconfont='entypo-fontello'><\/i><\/span><\/span><\/div><article class='av-milestone-content-wrap'><div class='av-milestone-contentbox'><header class=\"entry-content-header\"><h4 class='av-milestone-title'> Paris International Agricultural Show <\/h4><\/header><div class='av-milestone-content'><p>Le contenu de la P\u00e9riode va ici<\/p>\n<\/div><\/div><footer class='av-milestone-article-footer entry-footer'><\/footer><\/article><\/li>\n<li  class='av-milestone av-av_timeline_item-46819a3fb9c7ce361d7575dfec00ff74 av-animated-generic fade-in av-milestone-even'><h2 class='av-milestone-date' id='milestone-2021'><strong>2021<span class='av-milestone-indicator'><\/span><\/strong><\/h2><div class=\"av-milestone-icon-wrap\"><span class='av-milestone-icon milestone_icon avia-font-entypo-fontello'><span class='av-milestone-icon-inner milestone_inner'><i class='milestone-char' aria-hidden='true' data-av_icon='\ue800' data-av_iconfont='entypo-fontello'><\/i><\/span><\/span><\/div><article class='av-milestone-content-wrap'><div class='av-milestone-contentbox'><header class=\"entry-content-header\"><h4 class='av-milestone-title'> CIID - Marrakech <\/h4><\/header><div class='av-milestone-content'><p>Dans le cadre de<\/p>\n<p>https:\/\/www.comite-costea.fr\/wp-content\/uploads\/Analyse-comparative-vfinale.pdf<\/p>\n<\/div><\/div><footer class='av-milestone-article-footer entry-footer'><\/footer><\/article><\/li>\n<\/ul><div class='avia-slideshow-arrows avia-slideshow-controls av-timeline-nav' ><a href='#prev' class='prev-slide prev-slide av-timeline-nav-prev av-nav-btn' aria-hidden='true' data-av_icon='\ue87c' data-av_iconfont='entypo-fontello'  tabindex='-1'>Previous<\/a><a href='#next' class='next-slide next-slide av-timeline-nav-next av-nav-btn' aria-hidden='true' data-av_icon='\ue87d' data-av_iconfont='entypo-fontello'  tabindex='-1'>Next<\/a><\/div><\/div><\/div>","protected":false},"excerpt":{"rendered":"","protected":false},"author":1,"featured_media":0,"parent":0,"menu_order":23,"comment_status":"closed","ping_status":"closed","template":"","meta":{"footnotes":""},"acf":[],"_links":{"self":[{"href":"https:\/\/www.comite-costea.fr\/en\/wp-json\/wp\/v2\/pages\/8"}],"collection":[{"href":"https:\/\/www.comite-costea.fr\/en\/wp-json\/wp\/v2\/pages"}],"about":[{"href":"https:\/\/www.comite-costea.fr\/en\/wp-json\/wp\/v2\/types\/page"}],"author":[{"embeddable":true,"href":"https:\/\/www.comite-costea.fr\/en\/wp-json\/wp\/v2\/users\/1"}],"replies":[{"embeddable":true,"href":"https:\/\/www.comite-costea.fr\/en\/wp-json\/wp\/v2\/comments?post=8"}],"version-history":[{"count":4,"href":"https:\/\/www.comite-costea.fr\/en\/wp-json\/wp\/v2\/pages\/8\/revisions"}],"predecessor-version":[{"id":7015,"href":"https:\/\/www.comite-costea.fr\/en\/wp-json\/wp\/v2\/pages\/8\/revisions\/7015"}],"wp:attachment":[{"href":"https:\/\/www.comite-costea.fr\/en\/wp-json\/wp\/v2\/media?parent=8"}],"curies":[{"name":"wp","href":"https:\/\/api.w.org\/{rel}","templated":true}]}}