{"id":890,"date":"2021-03-01T11:52:08","date_gmt":"2021-03-01T10:52:08","guid":{"rendered":"https:\/\/www.comite-costea.fr\/?page_id=890"},"modified":"2024-02-19T15:47:21","modified_gmt":"2024-02-19T14:47:21","slug":"quantification-des-impacts-environnementaux-de-la-riziculture-irriguee","status":"publish","type":"page","link":"https:\/\/www.comite-costea.fr\/en\/actions\/quantification-des-impacts-environnementaux-de-la-riziculture-irriguee\/","title":{"rendered":"Quantifying the environmental impacts of irrigated rice production"},"content":{"rendered":"<style type=\"text\/css\" data-created_by=\"avia_inline_auto\" id=\"style-css-av-cx9wy-b3adcdcf9d361e79f2e187e3398dc6b9\">\n#top .av-special-heading.av-cx9wy-b3adcdcf9d361e79f2e187e3398dc6b9{\npadding-bottom:10px;\ncolor:#1d71b8;\n}\nbody .av-special-heading.av-cx9wy-b3adcdcf9d361e79f2e187e3398dc6b9 .av-special-heading-tag .heading-char{\nfont-size:25px;\n}\n.av-special-heading.av-cx9wy-b3adcdcf9d361e79f2e187e3398dc6b9 .special-heading-inner-border{\nborder-color:#1d71b8;\n}\n.av-special-heading.av-cx9wy-b3adcdcf9d361e79f2e187e3398dc6b9 .av-subheading{\nfont-size:15px;\n}\n<\/style>\n<div  class='av-special-heading av-cx9wy-b3adcdcf9d361e79f2e187e3398dc6b9 av-special-heading-h1 custom-color-heading  avia-builder-el-0  el_before_av_one_full  avia-builder-el-first'><h1 class='av-special-heading-tag'  itemprop=\"headline\"  >Quantifying the environmental impacts of irrigated rice production <\/h1><div class=\"special-heading-border\"><div class=\"special-heading-inner-border\"><\/div><\/div><\/div>\n<div class='flex_column av-rkn96-7ea41cc07fa0b5fb548b58b8054b27eb av_one_full  avia-builder-el-1  el_after_av_heading  el_before_av_one_full  first flex_column_div'     >\n<style type=\"text\/css\" data-created_by=\"avia_inline_auto\" id=\"style-css-av-l8rju-7053528ab2cedda25c93200817fba689\">\n#top .av-special-heading.av-l8rju-7053528ab2cedda25c93200817fba689{\npadding-bottom:10px;\n}\nbody .av-special-heading.av-l8rju-7053528ab2cedda25c93200817fba689 .av-special-heading-tag .heading-char{\nfont-size:25px;\n}\n.av-special-heading.av-l8rju-7053528ab2cedda25c93200817fba689 .av-subheading{\nfont-size:15px;\n}\n<\/style>\n<div  class='av-special-heading av-l8rju-7053528ab2cedda25c93200817fba689 av-special-heading-h2  avia-builder-el-2  avia-builder-el-no-sibling'><h2 class='av-special-heading-tag'  itemprop=\"headline\"  >Our main publications <\/h2><div class=\"special-heading-border\"><div class=\"special-heading-inner-border\"><\/div><\/div><\/div><\/div>\n<div class='flex_column av-gc1o2-a610ebfc69eeb6b1cf48f9f229496169 av_one_full  avia-builder-el-3  el_after_av_one_full  el_before_av_three_fifth  results-container first flex_column_div column-top-margin'     ><section  class='av_textblock_section av-9ljqa-8f250dd28bd4314b8c524401fe818a93'  itemscope=\"itemscope\" itemtype=\"https:\/\/schema.org\/CreativeWork\" ><div class='avia_textblock'  itemprop=\"text\" ><div class=\"facetwp-facet facetwp-facet-pagination facetwp-type-pager\" data-name=\"pagination\" data-type=\"pager\"><\/div>\n<div class=\"facetwp-template\" data-name=\"prods_action\"><div class=\"fwpl-layout results productions\"><div class=\"fwpl-result r1\"><div class=\"fwpl-row el-g0q59p\"><div class=\"fwpl-col fwpl-col el-xshbgi\"><div class=\"fwpl-item cover\"><a href = \"https:\/\/www.comite-costea.fr\/en\/production\/poster-de-laction-collaborative-quantification-des-impacts-environnementaux-de-la-riziculture-irriguee\/\"><img src = \"https:\/\/www.comite-costea.fr\/wp-content\/uploads\/PosterRIZICULTURE.png\" \/><\/a><\/div><div class=\"fwpl-item title\"><a href=\"https:\/\/www.comite-costea.fr\/en\/production\/poster-de-laction-collaborative-quantification-des-impacts-environnementaux-de-la-riziculture-irriguee\/\">Poster de l'action collaborative Quantification des impacts environnementaux de la riziculture irrigu\u00e9e<\/a><\/div><\/div><\/div><\/div><\/div>\n<style>\n.fwpl-layout, .fwpl-row {\n    display: grid;\n}\n.fwpl-layout.results productions {\n    grid-template-columns: repeat(4, 1fr);\n    grid-gap: 10px;\n}\n.fwpl-layout.results productions .fwpl-result {\n    background-color: #efefef;\n}\n.fwpl-row.el-g0q59p {\n    grid-template-columns: 1fr;\n}\n<\/style>\n<\/div>\n<div class=\"facetwp-facet facetwp-facet-pagination facetwp-type-pager\" data-name=\"pagination\" data-type=\"pager\"><\/div>\n<\/div><\/section><\/div>\n<div class='flex_column_table av-kk3zwqnd-2a88c605959841f0000a2e8321c64da3 sc-av_three_fifth av-equal-height-column-flextable'>\n<style type=\"text\/css\" data-created_by=\"avia_inline_auto\" id=\"style-css-av-kk3zwqnd-2a88c605959841f0000a2e8321c64da3\">\n.flex_column.av-kk3zwqnd-2a88c605959841f0000a2e8321c64da3{\n-webkit-border-radius:0px 0px 0px 0px;\n-moz-border-radius:0px 0px 0px 0px;\nborder-radius:0px 0px 0px 0px;\npadding:0px 0px 0px 0px;\n}\n<\/style>\n<div class='flex_column av-kk3zwqnd-2a88c605959841f0000a2e8321c64da3 av_three_fifth  avia-builder-el-5  el_after_av_one_full  el_before_av_two_fifth  first flex_column_table_cell av-equal-height-column av-align-middle av-zero-column-padding column-top-margin'     ><p>\n<style type=\"text\/css\" data-created_by=\"avia_inline_auto\" id=\"style-css-av-huwz6-e6a627e393f3fe02f133cde0fca1bb45\">\n#top .av-special-heading.av-huwz6-e6a627e393f3fe02f133cde0fca1bb45{\npadding-bottom:10px;\n}\nbody .av-special-heading.av-huwz6-e6a627e393f3fe02f133cde0fca1bb45 .av-special-heading-tag .heading-char{\nfont-size:25px;\n}\n.av-special-heading.av-huwz6-e6a627e393f3fe02f133cde0fca1bb45 .av-subheading{\nfont-size:15px;\n}\n<\/style>\n<div  class='av-special-heading av-huwz6-e6a627e393f3fe02f133cde0fca1bb45 av-special-heading-h2  avia-builder-el-6  el_before_av_textblock  avia-builder-el-first'><h2 class='av-special-heading-tag'  itemprop=\"headline\"  >Why irrigated rice production?<\/h2><div class=\"special-heading-border\"><div class=\"special-heading-inner-border\"><\/div><\/div><\/div><br \/>\n<section  class='av_textblock_section av-kjsdl4x9-cd54b0d76a900d1ba82a60dc189d3780'  itemscope=\"itemscope\" itemtype=\"https:\/\/schema.org\/CreativeWork\" ><div class='avia_textblock'  itemprop=\"text\" ><p>The issue of the environmental impact of rice production, including its impact on climate change through carbon footprint analysis, is at the heart of the current challenges facing agriculture. Innovative approaches to integrate all the impacts related to the life cycle (LCA) of a production process are also gaining ground. These issues and approaches are highly relevant to irrigated rice production, a central focus of our work.<\/p>\n<\/div><\/section><br \/>\n\n<style type=\"text\/css\" data-created_by=\"avia_inline_auto\" id=\"style-css-av-9gzdm-1cfb2fa3ac1e2b7afe0b0acd8c0960e6\">\n#top .av-special-heading.av-9gzdm-1cfb2fa3ac1e2b7afe0b0acd8c0960e6{\npadding-bottom:10px;\n}\nbody .av-special-heading.av-9gzdm-1cfb2fa3ac1e2b7afe0b0acd8c0960e6 .av-special-heading-tag .heading-char{\nfont-size:25px;\n}\n.av-special-heading.av-9gzdm-1cfb2fa3ac1e2b7afe0b0acd8c0960e6 .av-subheading{\nfont-size:15px;\n}\n<\/style>\n<div  class='av-special-heading av-9gzdm-1cfb2fa3ac1e2b7afe0b0acd8c0960e6 av-special-heading-h2  avia-builder-el-8  el_after_av_textblock  el_before_av_textblock'><h2 class='av-special-heading-tag'  itemprop=\"headline\"  >What do we do?<\/h2><div class=\"special-heading-border\"><div class=\"special-heading-inner-border\"><\/div><\/div><\/div><br \/>\n<section  class='av_textblock_section av-kjsdjstv-6bf708c8266e01fb2d979da115366b8a'  itemscope=\"itemscope\" itemtype=\"https:\/\/schema.org\/CreativeWork\" ><div class='avia_textblock'  itemprop=\"text\" ><p>Our action aims to initiate collective thinking on the methods (advantages, limits and operationality) to be implemented to assess the impacts of irrigated agriculture on the climate, and the impacts of climate change on irrigated agriculture and more generally on the environment. To this end, we propose the organisation of seminars based on two main themes:<\/p>\n<ul>\n<li>The carbon footprint approach: tools and methods to make the approach more operational<\/li>\n<li>The state of progress of other approaches such as Life Cycle Analysis (LCA)<\/li>\n<li>The funding of a training course on <strong>'The LCA and carbon footprint approach - case study on rice cultivation'<\/strong><\/li>\n<li class=\" translation-block\">The funding of a study in partnership with AFEID: 'Irrigated rice production and climate change: methodological developments for climate finance and the contribution to long-term AFOLU low-carbon and resilient trajectories'.<\/li>\n<\/ul>\n<\/div><\/section><\/p><\/div>\n<div class='av-flex-placeholder'><\/div>\n<style type=\"text\/css\" data-created_by=\"avia_inline_auto\" id=\"style-css-av-encqa-404101f3123420d66a5c491dbd3076ec\">\n.flex_column.av-encqa-404101f3123420d66a5c491dbd3076ec{\n-webkit-border-radius:0px 0px 0px 0px;\n-moz-border-radius:0px 0px 0px 0px;\nborder-radius:0px 0px 0px 0px;\npadding:0px 0px 0px 0px;\n}\n<\/style>\n<div class='flex_column av-encqa-404101f3123420d66a5c491dbd3076ec av_two_fifth  avia-builder-el-10  el_after_av_three_fifth  el_before_av_one_full  flex_column_table_cell av-equal-height-column av-align-middle av-zero-column-padding column-top-margin'     >\n<style type=\"text\/css\" data-created_by=\"avia_inline_auto\" id=\"style-css-av-kk3ro2nc-27275c1af9024c9573e92958e27828e1\">\n.avia-image-container.av-kk3ro2nc-27275c1af9024c9573e92958e27828e1 img.avia_image{\nbox-shadow:none;\n}\n.avia-image-container.av-kk3ro2nc-27275c1af9024c9573e92958e27828e1 .av-image-caption-overlay-center{\ncolor:#ffffff;\n}\n<\/style>\n<div  class='avia-image-container av-kk3ro2nc-27275c1af9024c9573e92958e27828e1 av-styling-circle avia-align-center  avia-builder-el-11  avia-builder-el-no-sibling'   itemprop=\"image\" itemscope=\"itemscope\" itemtype=\"https:\/\/schema.org\/ImageObject\" ><div class=\"avia-image-container-inner\"><div class=\"avia-image-overlay-wrap\"><img decoding=\"async\" class='wp-image-963 avia-img-lazy-loading-not-963 avia_image' src=\"https:\/\/www.comite-costea.fr\/wp-content\/uploads\/AC-Changement-climatique-7-scaled-e1614768670514.jpg\" alt='' title='AC Changement climatique (7)'  height=\"1438\" width=\"1440\"  itemprop=\"thumbnailUrl\" srcset=\"https:\/\/www.comite-costea.fr\/wp-content\/uploads\/AC-Changement-climatique-7-scaled-e1614768670514.jpg 1440w, https:\/\/www.comite-costea.fr\/wp-content\/uploads\/AC-Changement-climatique-7-scaled-e1614768670514-300x300.jpg 300w, https:\/\/www.comite-costea.fr\/wp-content\/uploads\/AC-Changement-climatique-7-scaled-e1614768670514-1030x1030.jpg 1030w, https:\/\/www.comite-costea.fr\/wp-content\/uploads\/AC-Changement-climatique-7-scaled-e1614768670514-150x150.jpg 150w, https:\/\/www.comite-costea.fr\/wp-content\/uploads\/AC-Changement-climatique-7-scaled-e1614768670514-768x767.jpg 768w, https:\/\/www.comite-costea.fr\/wp-content\/uploads\/AC-Changement-climatique-7-scaled-e1614768670514-36x36.jpg 36w, https:\/\/www.comite-costea.fr\/wp-content\/uploads\/AC-Changement-climatique-7-scaled-e1614768670514-180x180.jpg 180w, https:\/\/www.comite-costea.fr\/wp-content\/uploads\/AC-Changement-climatique-7-scaled-e1614768670514-705x705.jpg 705w\" sizes=\"(max-width: 1440px) 100vw, 1440px\" \/><\/div><\/div><\/div><\/div><\/div>\n<!--close column table wrapper. Autoclose: 1 -->\n\n<style type=\"text\/css\" data-created_by=\"avia_inline_auto\" id=\"style-css-av-gvt92-433604748cef7df60cee5b087c636625\">\n#top .flex_column.av-gvt92-433604748cef7df60cee5b087c636625{\nmargin-top:50px;\nmargin-bottom:0px;\n}\n.flex_column.av-gvt92-433604748cef7df60cee5b087c636625{\n-webkit-border-radius:0px 0px 0px 0px;\n-moz-border-radius:0px 0px 0px 0px;\nborder-radius:0px 0px 0px 0px;\npadding:0px 0px 0px 0px;\n}\n.responsive #top #wrap_all .flex_column.av-gvt92-433604748cef7df60cee5b087c636625{\nmargin-top:50px;\nmargin-bottom:0px;\n}\n<\/style>\n<div class='flex_column av-gvt92-433604748cef7df60cee5b087c636625 av_one_full  avia-builder-el-12  el_after_av_two_fifth  avia-builder-el-last  read-more first flex_column_div av-zero-column-padding'     ><p>\n<style type=\"text\/css\" data-created_by=\"avia_inline_auto\" id=\"style-css-av-73p5u-6fdc28bc6f85953cc7ded8f27516c2e5\">\n#top .av-special-heading.av-73p5u-6fdc28bc6f85953cc7ded8f27516c2e5{\npadding-bottom:10px;\n}\nbody .av-special-heading.av-73p5u-6fdc28bc6f85953cc7ded8f27516c2e5 .av-special-heading-tag .heading-char{\nfont-size:25px;\n}\n.av-special-heading.av-73p5u-6fdc28bc6f85953cc7ded8f27516c2e5 .av-subheading{\nfont-size:15px;\n}\n<\/style>\n<div  class='av-special-heading av-73p5u-6fdc28bc6f85953cc7ded8f27516c2e5 av-special-heading-h2  avia-builder-el-13  el_before_av_textblock  avia-builder-el-first'><h2 class='av-special-heading-tag'  itemprop=\"headline\"  >FURTHER READING<\/h2><div class=\"special-heading-border\"><div class=\"special-heading-inner-border\"><\/div><\/div><\/div><br \/>\n<section  class='av_textblock_section av-kjsdl7ek-5a6351064376c545d21d9c9014b932e8'  itemscope=\"itemscope\" itemtype=\"https:\/\/schema.org\/CreativeWork\" ><div class='avia_textblock'  itemprop=\"text\" ><p>A workshop to launch the action was held in April 2021. You can find its presentation <a href=\"https:\/\/www.comite-costea.fr\/wp-content\/uploads\/Seminaire_052021_AC_Changement_Climatique-1.pdf\" target=\"_blank\" rel=\"noopener\">here.<\/a><\/p>\n<p>The deliverables produced by the action:<\/p>\n<ul>\n<li>Riziculture irrigu\u00e9e et changement climatique &#8211; <a href=\"https:\/\/www.comite-costea.fr\/wp-content\/uploads\/23-07-17-WW-AFEID-Riz-CC-T8-L3.1-vf.pdf\" target=\"_blank\" rel=\"noopener\">L3.1 &#8211; Identification des activit\u00e9s en renforcement des capacit\u00e9s de planification, monitoring et recherche \u00e0 l\u2019\u00e9chelle nationale<\/a><\/li>\n<li>Riziculture irrigu\u00e9e et changement climatique &#8211; <a href=\"https:\/\/www.comite-costea.fr\/wp-content\/uploads\/23-07-17-WW-AFEID-Riz-CC-L2.4-1.pdf\" target=\"_blank\" rel=\"noopener\">L2.4 &#8211; Indications pour l\u2019analyse de l\u2019alignement des projets avec l\u2019Accord de Paris<\/a><\/li>\n<li>Riziculture irrigu\u00e9e et changement climatique &#8211; <a href=\"https:\/\/www.comite-costea.fr\/wp-content\/uploads\/23-07-26-WW-AFEID-Riz-CC-L2.3_mc.pdf\" target=\"_blank\" rel=\"noopener\">L2.3 &#8211; Identification des donn\u00e9es \u00e0 utiliser pour remplir l\u2019outil bilan GES NEXT<\/a><\/li>\n<li>Riziculture irrigu\u00e9e et changement climatique &#8211; <a href=\"https:\/\/www.comite-costea.fr\/wp-content\/uploads\/23-07-21-WW-AFEID-Riz-CC-L2.2-Scenarios-projets-vu-STP-cleaned-1.pdf\" target=\"_blank\" rel=\"noopener\">L2.2 \u2013 D\u00e9finition des sc\u00e9narios \u00ab&nbsp;projet&nbsp;\u00bb et \u00ab&nbsp;de r\u00e9f\u00e9rence&nbsp;\u00bb pour les bilans GES<\/a><\/li>\n<li>Riziculture irrigu\u00e9e et changement climatique &#8211; <a href=\"https:\/\/www.comite-costea.fr\/wp-content\/uploads\/23-07-18-WW-AFEID-Riz-CC-L2.1-Adaptation-vF-1.pdf\" target=\"_blank\" rel=\"noopener\">L2.1 &#8211; Indications pour mener les analyses relatives \u00e0 l\u2019adaptation au changement climatique d\u2019un projet de riziculture irrigu\u00e9e<\/a><\/li>\n<li>Riziculture irrigu\u00e9e et changement climatique &#8211; <a href=\"https:\/\/www.comite-costea.fr\/wp-content\/uploads\/23-02-13-WW-AFEID-Riz-CC-L1.1-Synthese-biblio-vF1.pdf\" target=\"_blank\" rel=\"noopener\">L1 &#8211; Synth\u00e8se bibliographique<\/a><\/li>\n<li>Riziculture irrigu\u00e9e et changement climatique &#8211; <a href=\"https:\/\/www.comite-costea.fr\/wp-content\/uploads\/22-11-30-WW-AFEID-Riz-CC-L0-Note-methodo-ajustee-vF-2.pdf\" target=\"_blank\" rel=\"noopener\">L0 &#8211; Note m\u00e9thodo ajust\u00e9e<\/a><\/li>\n<li><a href=\"https:\/\/www.comite-costea.fr\/wp-content\/uploads\/23-02-13-WW-AFEID-Riz-CC-L1.1-Synthese-biblio-vF-1.pdf\" target=\"_blank\" rel=\"noopener\">Bibliographical synthesis (in French)<\/a><\/li>\n<li><a href=\"https:\/\/www.comite-costea.fr\/wp-content\/uploads\/23-01-18-WW-AFEID-Riz-CC-L1.2-Typo-projets-riz-AFD-vF-1.pdf\" target=\"_blank\" rel=\"noopener\">Typology of irrigated rice production projects financed by AFD (in French)<\/a><\/li>\n<\/ul>\n<p>Also for reading:\u00a0<a href=\"https:\/\/www.comite-costea.fr\/en\/production\/comment-quantifier-et-reduire-les-impacts-de-la-riziculture-irriguee-sur-le-changement-climatique\/\">How to quantify and reduce the impacts of irrigated rice production on climate change (in French).<\/a><\/p>\n<\/div><\/section><\/p><\/div>","protected":false},"excerpt":{"rendered":"","protected":false},"author":2,"featured_media":0,"parent":6,"menu_order":20,"comment_status":"closed","ping_status":"closed","template":"","meta":{"footnotes":""},"acf":[],"_links":{"self":[{"href":"https:\/\/www.comite-costea.fr\/en\/wp-json\/wp\/v2\/pages\/890"}],"collection":[{"href":"https:\/\/www.comite-costea.fr\/en\/wp-json\/wp\/v2\/pages"}],"about":[{"href":"https:\/\/www.comite-costea.fr\/en\/wp-json\/wp\/v2\/types\/page"}],"author":[{"embeddable":true,"href":"https:\/\/www.comite-costea.fr\/en\/wp-json\/wp\/v2\/users\/2"}],"replies":[{"embeddable":true,"href":"https:\/\/www.comite-costea.fr\/en\/wp-json\/wp\/v2\/comments?post=890"}],"version-history":[{"count":39,"href":"https:\/\/www.comite-costea.fr\/en\/wp-json\/wp\/v2\/pages\/890\/revisions"}],"predecessor-version":[{"id":8025,"href":"https:\/\/www.comite-costea.fr\/en\/wp-json\/wp\/v2\/pages\/890\/revisions\/8025"}],"up":[{"embeddable":true,"href":"https:\/\/www.comite-costea.fr\/en\/wp-json\/wp\/v2\/pages\/6"}],"wp:attachment":[{"href":"https:\/\/www.comite-costea.fr\/en\/wp-json\/wp\/v2\/media?parent=890"}],"curies":[{"name":"wp","href":"https:\/\/api.w.org\/{rel}","templated":true}]}}